{"id":1558,"date":"2025-12-11T13:49:05","date_gmt":"2025-12-11T13:49:05","guid":{"rendered":"https:\/\/bravery.berlin\/stage1\/?page_id=1558"},"modified":"2025-12-15T16:17:08","modified_gmt":"2025-12-15T16:17:08","slug":"pokrowsk","status":"publish","type":"page","link":"https:\/\/bravery.berlin\/stage1\/waswirtun\/pokrowsk\/","title":{"rendered":"Pokrowsk"},"content":{"rendered":"\n<div class=\"wp-block-group has-global-padding is-layout-constrained wp-container-core-group-is-layout-72d38984 wp-block-group-is-layout-constrained\" style=\"margin-top:0;margin-bottom:0;padding-top:0;padding-right:0;padding-bottom:0;padding-left:0\">\n<div class=\"wp-block-cover alignfull wp-duotone-unset-1\" style=\"padding-top:0;padding-right:16px;padding-bottom:0;padding-left:16px;min-height:469px;aspect-ratio:unset;\"><img loading=\"lazy\" decoding=\"async\" width=\"1280\" height=\"960\" class=\"wp-block-cover__image-background wp-image-1567 size-full\" alt=\"\" src=\"https:\/\/bravery.berlin\/stage1\/wp-content\/uploads\/2025\/12\/photo_2025-12-01-12.34.01.jpeg\" style=\"object-position:46% 26%\" data-object-fit=\"cover\" data-object-position=\"46% 26%\" srcset=\"https:\/\/bravery.berlin\/stage1\/wp-content\/uploads\/2025\/12\/photo_2025-12-01-12.34.01.jpeg 1280w, https:\/\/bravery.berlin\/stage1\/wp-content\/uploads\/2025\/12\/photo_2025-12-01-12.34.01-300x225.jpeg 300w, https:\/\/bravery.berlin\/stage1\/wp-content\/uploads\/2025\/12\/photo_2025-12-01-12.34.01-1024x768.jpeg 1024w, https:\/\/bravery.berlin\/stage1\/wp-content\/uploads\/2025\/12\/photo_2025-12-01-12.34.01-768x576.jpeg 768w\" sizes=\"auto, (max-width: 1280px) 100vw, 1280px\" \/><span aria-hidden=\"true\" class=\"wp-block-cover__background has-background-dim\"><\/span><div class=\"wp-block-cover__inner-container has-global-padding is-layout-constrained wp-container-core-cover-is-layout-9789c0c3 wp-block-cover-is-layout-constrained\">\n<div class=\"wp-block-group is-vertical is-content-justification-left is-layout-flex wp-container-core-group-is-layout-d6b80a1a wp-block-group-is-layout-flex\" style=\"padding-top:185px;padding-bottom:0\">\n<h1 class=\"wp-block-heading\" style=\"padding-top:0;padding-right:0;padding-bottom:0;padding-left:0\">Region Pokrowsk<\/h1>\n\n\n\n<div class=\"wp-block-group is-vertical is-content-justification-stretch is-layout-flex wp-container-core-group-is-layout-0f3649a8 wp-block-group-is-layout-flex\" style=\"margin-top:0;margin-bottom:0;padding-top:0;padding-right:0;padding-bottom:0;padding-left:0\">\n<p style=\"margin-right:0;margin-left:0;padding-top:0;padding-right:0;padding-bottom:0;padding-left:0\">Wir liefern lebensrettende Ausr\u00fcstung zur schnellen Versorgung Verwundeter.<\/p>\n\n\n<div class=\"tpgb-plus-button tpgb-relative-block tpgb-block-8664_1558 button-style-1  btn-with-icon custom-btn \"><div class=\"animted-content-inner\"><a href=\"https:\/\/bravery.berlin\/stage1\/spenden\/\"   class=\"button-link-wrap tpgb-trans-linear    \" role=\"button\" aria-label=\"Jetzt Helfen\" data-hover=\"Click Here\" ><span><span class=\"btn-icon tpgb-trans-linear  button-before\"><i class=\"far fa-heart\"><\/i><\/span>Jetzt Helfen<\/span><\/a><\/div><\/div><\/div>\n<\/div>\n<\/div><\/div>\n<\/div>\n\n\n\n<div class=\"wp-block-group has-custom-light-primary-color has-tertiary-background-color has-text-color has-background has-link-color wp-elements-7d6773cbb3fa14e10999df017ec7173f has-global-padding is-layout-constrained wp-block-group-is-layout-constrained\" style=\"margin-top:0;margin-bottom:0\">\n<div class=\"wp-block-group alignwide is-vertical is-content-justification-center is-layout-flex wp-container-core-group-is-layout-8e75993a wp-block-group-is-layout-flex\" style=\"margin-top:0;margin-bottom:0;padding-top:var(--wp--preset--spacing--30);padding-right:0;padding-bottom:var(--wp--preset--spacing--30);padding-left:0\">\n<p class=\"has-large-font-size\" style=\"line-height:1.3\">Die Region Pokrowsk (ehemals Pokrovsk) im Oblast Donezk ist von den Kampfhandlungen schwer gezeichnet.<\/p>\n\n\n\n<p class=\"has-medium-font-size\">Hier konzentriert Bravery e.V. seine Hilfe auf die lebensrettende medizinische und traumatologische Soforthilfe, um die lokalen Krankenh\u00e4user und die medizinische Versorgung nahe der Front zu st\u00e4rken. Unser Einsatz in Pokrowsk ist darauf ausgerichtet, die medizinische Infrastruktur zu entlasten und Ersthelfer sowie Stabilisierungspunkte auszustatten.<\/p>\n<\/div>\n<\/div>\n\n\n\n<div class=\"wp-block-group has-background-background-color has-background has-global-padding is-layout-constrained wp-container-core-group-is-layout-fb21a06d wp-block-group-is-layout-constrained\" style=\"margin-top:0px;margin-bottom:0px;padding-top:var(--wp--preset--spacing--50);padding-right:16px;padding-bottom:var(--wp--preset--spacing--50);padding-left:16px\">\n<div class=\"wp-block-columns has-border-color is-layout-flex wp-container-core-columns-is-layout-818fe46f wp-block-columns-is-layout-flex\" style=\"border-color:#d8d8d8;border-width:1px;border-radius:16px;margin-bottom:var(--wp--preset--spacing--50);padding-top:var(--wp--preset--spacing--30);padding-right:var(--wp--preset--spacing--20);padding-bottom:var(--wp--preset--spacing--30);padding-left:var(--wp--preset--spacing--20)\">\n<div class=\"wp-block-column is-layout-flow wp-block-column-is-layout-flow\" style=\"flex-basis:33.33%\">\n<h4 class=\"wp-block-heading\" style=\"margin-top:var(--wp--preset--spacing--30);margin-bottom:var(--wp--preset--spacing--30)\">Unsere Medizinische Unterst\u00fctzung in Pokrowsk:<\/h4>\n\n\n\n<figure class=\"wp-block-image size-large\"><img loading=\"lazy\" decoding=\"async\" width=\"768\" height=\"1024\" src=\"https:\/\/bravery.berlin\/stage1\/wp-content\/uploads\/2025\/12\/photo_2025-12-01-12.33.14-768x1024.jpeg\" alt=\"\" class=\"wp-image-1197\" srcset=\"https:\/\/bravery.berlin\/stage1\/wp-content\/uploads\/2025\/12\/photo_2025-12-01-12.33.14-768x1024.jpeg 768w, https:\/\/bravery.berlin\/stage1\/wp-content\/uploads\/2025\/12\/photo_2025-12-01-12.33.14-225x300.jpeg 225w, https:\/\/bravery.berlin\/stage1\/wp-content\/uploads\/2025\/12\/photo_2025-12-01-12.33.14.jpeg 960w\" sizes=\"auto, (max-width: 768px) 100vw, 768px\" \/><\/figure>\n<\/div>\n\n\n\n<div class=\"wp-block-column is-layout-flow wp-block-column-is-layout-flow\" style=\"flex-basis:66.66%\">\n<div style=\"height:105px\" aria-hidden=\"true\" class=\"wp-block-spacer uag-hide-mob\"><\/div>\n\n\n\n<div class=\"wp-block-group is-vertical is-layout-flex wp-container-core-group-is-layout-c35747d5 wp-block-group-is-layout-flex\">\n<p>Krankenhaus-Equipment: Wir liefern essenzielle medizinische Ger\u00e4te f\u00fcr die Behandlung von Verwundeten. Dazu geh\u00f6ren unter anderem Blutanalyseger\u00e4te, die f\u00fcr schnelle und pr\u00e4zise Diagnosen bei Notf\u00e4llen unverzichtbar sind.<\/p>\n\n\n\n<p>Ausr\u00fcstung f\u00fcr Traumaversorgung: Wir versorgen Sanit\u00e4ter und \u00c4rzte direkt an der Front mit spezialisierter, lebensrettender Ausr\u00fcstung:<\/p>\n\n\n\n<p>Spezielle IFAKs (Individual First Aid Kits) <\/p>\n\n\n\n<p>Tourniquets zur schnellen Blutstillung<\/p>\n\n\n\n<p>Umfassendes Verbands- und Verbrauchsmaterial<\/p>\n\n\n\n<p>Mobile Stabilisierungspunkte: Wir unterst\u00fctzen die Beschaffung von Material, um mobile Stabilisierungspunkte aufzubauen und auszustatten. Diese Punkte sind entscheidend, um Verwundete schnellstm\u00f6glich zu versorgen und transportf\u00e4hig zu machen, bevor sie in gr\u00f6\u00dfere Kliniken verlegt werden.<\/p>\n<\/div>\n<\/div>\n<\/div>\n\n\n\n<div class=\"wp-block-group is-vertical is-layout-flex wp-container-core-group-is-layout-fe9cc265 wp-block-group-is-layout-flex\">\n<h4 class=\"wp-block-heading\">Unterst\u00fctzen Sie uns monatlich<\/h4>\n\n\n<div class=\"tpgb-plus-button tpgb-relative-block tpgb-block-8235_1558 button-style-1  btn-with-icon custom-btn \"><div class=\"animted-content-inner\"><a href=\"https:\/\/bravery.berlin\/stage1\/foerdermitgliedschaft\/\"   class=\"button-link-wrap tpgb-trans-linear    \" role=\"button\" aria-label=\"Abonnieren\" data-hover=\"Click Here\" ><span><span class=\"btn-icon tpgb-trans-linear  button-before\"><i class=\"far fa-heart\"><\/i><\/span>Abonnieren<\/span><\/a><\/div><\/div><\/div>\n<\/div>\n\n\n\n<div class=\"wp-block-group alignfull has-tertiary-background-color has-background has-global-padding is-layout-constrained wp-container-core-group-is-layout-fb85e995 wp-block-group-is-layout-constrained\" id=\"ueber-uns\" style=\"margin-top:0;margin-bottom:0;padding-top:var(--wp--preset--spacing--60);padding-right:var(--wp--preset--spacing--30);padding-bottom:var(--wp--preset--spacing--60);padding-left:var(--wp--preset--spacing--30)\">\n<h2 class=\"wp-block-heading has-text-align-center has-custom-light-primary-color has-text-color has-link-color has-large-font-size wp-elements-27cc5be41c14dc06e5f66994fefb94cf\">Aus unseren bisherigen Projekten<\/h2>\n\n\n\n<p class=\"has-text-align-center has-custom-light-primary-color has-text-color has-link-color wp-elements-827192d83e9a8a0e1057d178345d0d05\" style=\"margin-top:16px\">Ein wesentlicher Bestandteil unserer Arbeit ist die Dokumentation unserer T\u00e4tigkeiten sowie die Information unserer F\u00f6rdermitglieder und Spender:innen dar\u00fcber, wo ihre Unterst\u00fctzung Wirkung zeigt.<\/p>\n\n\n\t\t\t\t\t<div\n\t\t\t\t\t\tclass=\"wp-block-uagb-image-gallery uagb-block-530807d5     \"\n\t\t\t\t\t\tstyle=\"\"\n\t\t\t\t\t>\n\t\t\t\t\t\t\t\t\t\t\t<div class=\"spectra-image-gallery spectra-image-gallery__layout--carousel\">\n\t\t\t\t\t\t\t\t<div class=\"uagb-slick-carousel uagb-block-530807d5\">\n\t\t\t\t\t\t\t\t\t\t\t\t<div class='spectra-image-gallery__media-wrapper' data-spectra-gallery-image-id='221'>\n\t\t\t\t\t\t\t<div class=\"spectra-image-gallery__media spectra-image-gallery__media--carousel\">\n\t\t\t\t<picture>\n\t\t\t\t\t<source media=\"(min-width: 1024px)\" srcset=\"https:\/\/bravery.berlin\/stage1\/wp-content\/uploads\/2025\/02\/bildschirme-scaled.jpg\">\n\t\t\t\t\t<source media=\"(min-width: 768px)\" srcset=\"https:\/\/bravery.berlin\/stage1\/wp-content\/uploads\/2025\/02\/bildschirme-1024x683.jpg\">\n\t\t\t\t\t<img decoding=\"async\" class=\"spectra-image-gallery__media-thumbnail spectra-image-gallery__media-thumbnail--carousel\" src=\"https:\/\/bravery.berlin\/stage1\/wp-content\/uploads\/2025\/02\/bildschirme-300x200.jpg\" alt=\"\" loading=\"lazy\" \/>\n\t\t\t\t<\/picture>\n\t\t\t\t<div class=\"spectra-image-gallery__media-thumbnail-blurrer\"><\/div>\n\t\t\t\t\t\t\t\t\t\t\t<div class=\"spectra-image-gallery__media-thumbnail-caption-wrapper spectra-image-gallery__media-thumbnail-caption-wrapper--overlay\">\n\t\t\t\t\t\t\t\t\t\t\t<div class=\"spectra-image-gallery__media-thumbnail-caption spectra-image-gallery__media-thumbnail-caption--overlay\">\n\t\t\t\t\tNo Caption\t\t\t\t<\/div>\n\t\t\t\t\t\t\t\t\t\t<\/div>\n\t\t\t\t\t\t\t\t\t<\/div>\n\t\t\t\t\t\t<\/div>\n\t\t\t\t\t\t<div class='spectra-image-gallery__media-wrapper' data-spectra-gallery-image-id='499'>\n\t\t\t\t\t\t\t<div class=\"spectra-image-gallery__media spectra-image-gallery__media--carousel\">\n\t\t\t\t<picture>\n\t\t\t\t\t<source media=\"(min-width: 1024px)\" srcset=\"https:\/\/bravery.berlin\/stage1\/wp-content\/uploads\/2025\/04\/IMG_3207-scaled.jpg\">\n\t\t\t\t\t<source media=\"(min-width: 768px)\" srcset=\"https:\/\/bravery.berlin\/stage1\/wp-content\/uploads\/2025\/04\/IMG_3207-768x1024.jpg\">\n\t\t\t\t\t<img decoding=\"async\" class=\"spectra-image-gallery__media-thumbnail spectra-image-gallery__media-thumbnail--carousel\" src=\"https:\/\/bravery.berlin\/stage1\/wp-content\/uploads\/2025\/04\/IMG_3207-225x300.jpg\" alt=\"\" loading=\"lazy\" \/>\n\t\t\t\t<\/picture>\n\t\t\t\t<div class=\"spectra-image-gallery__media-thumbnail-blurrer\"><\/div>\n\t\t\t\t\t\t\t\t\t\t\t<div class=\"spectra-image-gallery__media-thumbnail-caption-wrapper spectra-image-gallery__media-thumbnail-caption-wrapper--overlay\">\n\t\t\t\t\t\t\t\t\t\t\t<div class=\"spectra-image-gallery__media-thumbnail-caption spectra-image-gallery__media-thumbnail-caption--overlay\">\n\t\t\t\t\tNo Caption\t\t\t\t<\/div>\n\t\t\t\t\t\t\t\t\t\t<\/div>\n\t\t\t\t\t\t\t\t\t<\/div>\n\t\t\t\t\t\t<\/div>\n\t\t\t\t\t\t<div class='spectra-image-gallery__media-wrapper' data-spectra-gallery-image-id='225'>\n\t\t\t\t\t\t\t<div class=\"spectra-image-gallery__media spectra-image-gallery__media--carousel\">\n\t\t\t\t<picture>\n\t\t\t\t\t<source media=\"(min-width: 1024px)\" srcset=\"https:\/\/bravery.berlin\/stage1\/wp-content\/uploads\/2025\/02\/auto-scaled.jpg\">\n\t\t\t\t\t<source media=\"(min-width: 768px)\" srcset=\"https:\/\/bravery.berlin\/stage1\/wp-content\/uploads\/2025\/02\/auto-1024x683.jpg\">\n\t\t\t\t\t<img decoding=\"async\" class=\"spectra-image-gallery__media-thumbnail spectra-image-gallery__media-thumbnail--carousel\" src=\"https:\/\/bravery.berlin\/stage1\/wp-content\/uploads\/2025\/02\/auto-300x200.jpg\" alt=\"\" loading=\"lazy\" \/>\n\t\t\t\t<\/picture>\n\t\t\t\t<div class=\"spectra-image-gallery__media-thumbnail-blurrer\"><\/div>\n\t\t\t\t\t\t\t\t\t\t\t<div class=\"spectra-image-gallery__media-thumbnail-caption-wrapper spectra-image-gallery__media-thumbnail-caption-wrapper--overlay\">\n\t\t\t\t\t\t\t\t\t\t\t<div class=\"spectra-image-gallery__media-thumbnail-caption spectra-image-gallery__media-thumbnail-caption--overlay\">\n\t\t\t\t\tNo Caption\t\t\t\t<\/div>\n\t\t\t\t\t\t\t\t\t\t<\/div>\n\t\t\t\t\t\t\t\t\t<\/div>\n\t\t\t\t\t\t<\/div>\n\t\t\t\t\t\t<div class='spectra-image-gallery__media-wrapper' data-spectra-gallery-image-id='608'>\n\t\t\t\t\t\t\t<div class=\"spectra-image-gallery__media spectra-image-gallery__media--carousel\">\n\t\t\t\t<picture>\n\t\t\t\t\t<source media=\"(min-width: 1024px)\" srcset=\"https:\/\/bravery.berlin\/stage1\/wp-content\/uploads\/2025\/06\/DSC07903.jpg\">\n\t\t\t\t\t<source media=\"(min-width: 768px)\" srcset=\"https:\/\/bravery.berlin\/stage1\/wp-content\/uploads\/2025\/06\/DSC07903-1024x682.jpg\">\n\t\t\t\t\t<img decoding=\"async\" class=\"spectra-image-gallery__media-thumbnail spectra-image-gallery__media-thumbnail--carousel\" src=\"https:\/\/bravery.berlin\/stage1\/wp-content\/uploads\/2025\/06\/DSC07903-300x200.jpg\" alt=\"\" loading=\"lazy\" \/>\n\t\t\t\t<\/picture>\n\t\t\t\t<div class=\"spectra-image-gallery__media-thumbnail-blurrer\"><\/div>\n\t\t\t\t\t\t\t\t\t\t\t<div class=\"spectra-image-gallery__media-thumbnail-caption-wrapper spectra-image-gallery__media-thumbnail-caption-wrapper--overlay\">\n\t\t\t\t\t\t\t\t\t\t\t<div class=\"spectra-image-gallery__media-thumbnail-caption spectra-image-gallery__media-thumbnail-caption--overlay\">\n\t\t\t\t\tNo Caption\t\t\t\t<\/div>\n\t\t\t\t\t\t\t\t\t\t<\/div>\n\t\t\t\t\t\t\t\t\t<\/div>\n\t\t\t\t\t\t<\/div>\n\t\t\t\t\t\t<div class='spectra-image-gallery__media-wrapper' data-spectra-gallery-image-id='1015'>\n\t\t\t\t\t\t\t<div class=\"spectra-image-gallery__media spectra-image-gallery__media--carousel\">\n\t\t\t\t<picture>\n\t\t\t\t\t<source media=\"(min-width: 1024px)\" srcset=\"https:\/\/bravery.berlin\/stage1\/wp-content\/uploads\/2025\/11\/card2.jpg\">\n\t\t\t\t\t<source media=\"(min-width: 768px)\" srcset=\"https:\/\/bravery.berlin\/stage1\/wp-content\/uploads\/2025\/11\/card2.jpg\">\n\t\t\t\t\t<img decoding=\"async\" class=\"spectra-image-gallery__media-thumbnail spectra-image-gallery__media-thumbnail--carousel\" src=\"https:\/\/bravery.berlin\/stage1\/wp-content\/uploads\/2025\/11\/card2-271x300.jpg\" alt=\"\" loading=\"lazy\" \/>\n\t\t\t\t<\/picture>\n\t\t\t\t<div class=\"spectra-image-gallery__media-thumbnail-blurrer\"><\/div>\n\t\t\t\t\t\t\t\t\t\t\t<div class=\"spectra-image-gallery__media-thumbnail-caption-wrapper spectra-image-gallery__media-thumbnail-caption-wrapper--overlay\">\n\t\t\t\t\t\t\t\t\t\t\t<div class=\"spectra-image-gallery__media-thumbnail-caption spectra-image-gallery__media-thumbnail-caption--overlay\">\n\t\t\t\t\tNo Caption\t\t\t\t<\/div>\n\t\t\t\t\t\t\t\t\t\t<\/div>\n\t\t\t\t\t\t\t\t\t<\/div>\n\t\t\t\t\t\t<\/div>\n\t\t\t\t\t\t<div class='spectra-image-gallery__media-wrapper' data-spectra-gallery-image-id='654'>\n\t\t\t\t\t\t\t<div class=\"spectra-image-gallery__media spectra-image-gallery__media--carousel\">\n\t\t\t\t<picture>\n\t\t\t\t\t<source media=\"(min-width: 1024px)\" srcset=\"https:\/\/bravery.berlin\/stage1\/wp-content\/uploads\/2025\/09\/photo_2025-09-06-09.13.35.jpeg\">\n\t\t\t\t\t<source media=\"(min-width: 768px)\" srcset=\"https:\/\/bravery.berlin\/stage1\/wp-content\/uploads\/2025\/09\/photo_2025-09-06-09.13.35-768x1024.jpeg\">\n\t\t\t\t\t<img decoding=\"async\" class=\"spectra-image-gallery__media-thumbnail spectra-image-gallery__media-thumbnail--carousel\" src=\"https:\/\/bravery.berlin\/stage1\/wp-content\/uploads\/2025\/09\/photo_2025-09-06-09.13.35-225x300.jpeg\" alt=\"\" loading=\"lazy\" \/>\n\t\t\t\t<\/picture>\n\t\t\t\t<div class=\"spectra-image-gallery__media-thumbnail-blurrer\"><\/div>\n\t\t\t\t\t\t\t\t\t\t\t<div class=\"spectra-image-gallery__media-thumbnail-caption-wrapper spectra-image-gallery__media-thumbnail-caption-wrapper--overlay\">\n\t\t\t\t\t\t\t\t\t\t\t<div class=\"spectra-image-gallery__media-thumbnail-caption spectra-image-gallery__media-thumbnail-caption--overlay\">\n\t\t\t\t\tNo Caption\t\t\t\t<\/div>\n\t\t\t\t\t\t\t\t\t\t<\/div>\n\t\t\t\t\t\t\t\t\t<\/div>\n\t\t\t\t\t\t<\/div>\n\t\t\t\t\t\t<div class='spectra-image-gallery__media-wrapper' data-spectra-gallery-image-id='704'>\n\t\t\t\t\t\t\t<div class=\"spectra-image-gallery__media spectra-image-gallery__media--carousel\">\n\t\t\t\t<picture>\n\t\t\t\t\t<source media=\"(min-width: 1024px)\" srcset=\"https:\/\/bravery.berlin\/stage1\/wp-content\/uploads\/2025\/10\/WhatsApp-Image-2025-07-22-at-15.56.05.jpeg\">\n\t\t\t\t\t<source media=\"(min-width: 768px)\" srcset=\"https:\/\/bravery.berlin\/stage1\/wp-content\/uploads\/2025\/10\/WhatsApp-Image-2025-07-22-at-15.56.05-768x1024.jpeg\">\n\t\t\t\t\t<img decoding=\"async\" class=\"spectra-image-gallery__media-thumbnail spectra-image-gallery__media-thumbnail--carousel\" src=\"https:\/\/bravery.berlin\/stage1\/wp-content\/uploads\/2025\/10\/WhatsApp-Image-2025-07-22-at-15.56.05-225x300.jpeg\" alt=\"\" loading=\"lazy\" \/>\n\t\t\t\t<\/picture>\n\t\t\t\t<div class=\"spectra-image-gallery__media-thumbnail-blurrer\"><\/div>\n\t\t\t\t\t\t\t\t\t\t\t<div class=\"spectra-image-gallery__media-thumbnail-caption-wrapper spectra-image-gallery__media-thumbnail-caption-wrapper--overlay\">\n\t\t\t\t\t\t\t\t\t\t\t<div class=\"spectra-image-gallery__media-thumbnail-caption spectra-image-gallery__media-thumbnail-caption--overlay\">\n\t\t\t\t\tNo Caption\t\t\t\t<\/div>\n\t\t\t\t\t\t\t\t\t\t<\/div>\n\t\t\t\t\t\t\t\t\t<\/div>\n\t\t\t\t\t\t<\/div>\n\t\t\t\t\t\t<div class='spectra-image-gallery__media-wrapper' data-spectra-gallery-image-id='639'>\n\t\t\t\t\t\t\t<div class=\"spectra-image-gallery__media spectra-image-gallery__media--carousel\">\n\t\t\t\t<picture>\n\t\t\t\t\t<source media=\"(min-width: 1024px)\" srcset=\"https:\/\/bravery.berlin\/stage1\/wp-content\/uploads\/2025\/08\/IMG_4495.jpeg\">\n\t\t\t\t\t<source media=\"(min-width: 768px)\" srcset=\"https:\/\/bravery.berlin\/stage1\/wp-content\/uploads\/2025\/08\/IMG_4495-1024x768.jpeg\">\n\t\t\t\t\t<img decoding=\"async\" class=\"spectra-image-gallery__media-thumbnail spectra-image-gallery__media-thumbnail--carousel\" src=\"https:\/\/bravery.berlin\/stage1\/wp-content\/uploads\/2025\/08\/IMG_4495-300x225.jpeg\" alt=\"\" loading=\"lazy\" \/>\n\t\t\t\t<\/picture>\n\t\t\t\t<div class=\"spectra-image-gallery__media-thumbnail-blurrer\"><\/div>\n\t\t\t\t\t\t\t\t\t\t\t<div class=\"spectra-image-gallery__media-thumbnail-caption-wrapper spectra-image-gallery__media-thumbnail-caption-wrapper--overlay\">\n\t\t\t\t\t\t\t\t\t\t\t<div class=\"spectra-image-gallery__media-thumbnail-caption spectra-image-gallery__media-thumbnail-caption--overlay\">\n\t\t\t\t\tNo Caption\t\t\t\t<\/div>\n\t\t\t\t\t\t\t\t\t\t<\/div>\n\t\t\t\t\t\t\t\t\t<\/div>\n\t\t\t\t\t\t<\/div>\n\t\t\t\t\t\t\t\t\t\t\t<\/div>\n\t\t\t\t\t\t\t<\/div>\n\t\t\t\t\t\t\t\t\t\t\t<\/div>\n\t\t\t\t\t\t\t\t\t\t\t<div class='spectra-image-gallery__control-lightbox' tabindex='0'>\n\t\t\t\t\t\t\t\t\t\t\t<div class=\"swiper spectra-image-gallery__control-lightbox--main\" dir=\"\">\n\t\t\t\t\t<div class=\"swiper-wrapper\">\n\t\t\t\t\t\t\t\t\t\t\t\t\t\n\t\t\t\t\t\t\t<div class=\"swiper-slide\">\n\t\t\t\t\t\t\t\t<img class=\"swiper-lazy\" data-src=\"https:\/\/bravery.berlin\/stage1\/wp-content\/uploads\/2025\/02\/bildschirme-scaled.jpg\" alt=\"\"\/>\n\t\t\t\t\t\t\t\t<div class=\"swiper-lazy-preloader swiper-lazy-preloader-white\"><\/div>\n\t\t\t\t\t\t\t\t\t\t\t\t\t\t\t<\/div>\n\t\t\t\t\t\t\t\t\t\t\t\t\t\n\t\t\t\t\t\t\t<div class=\"swiper-slide\">\n\t\t\t\t\t\t\t\t<img class=\"swiper-lazy\" data-src=\"https:\/\/bravery.berlin\/stage1\/wp-content\/uploads\/2025\/04\/IMG_3207-scaled.jpg\" alt=\"\"\/>\n\t\t\t\t\t\t\t\t<div class=\"swiper-lazy-preloader swiper-lazy-preloader-white\"><\/div>\n\t\t\t\t\t\t\t\t\t\t\t\t\t\t\t<\/div>\n\t\t\t\t\t\t\t\t\t\t\t\t\t\n\t\t\t\t\t\t\t<div class=\"swiper-slide\">\n\t\t\t\t\t\t\t\t<img class=\"swiper-lazy\" data-src=\"https:\/\/bravery.berlin\/stage1\/wp-content\/uploads\/2025\/02\/auto-scaled.jpg\" alt=\"\"\/>\n\t\t\t\t\t\t\t\t<div class=\"swiper-lazy-preloader swiper-lazy-preloader-white\"><\/div>\n\t\t\t\t\t\t\t\t\t\t\t\t\t\t\t<\/div>\n\t\t\t\t\t\t\t\t\t\t\t\t\t\n\t\t\t\t\t\t\t<div class=\"swiper-slide\">\n\t\t\t\t\t\t\t\t<img class=\"swiper-lazy\" data-src=\"https:\/\/bravery.berlin\/stage1\/wp-content\/uploads\/2025\/06\/DSC07903.jpg\" alt=\"\"\/>\n\t\t\t\t\t\t\t\t<div class=\"swiper-lazy-preloader swiper-lazy-preloader-white\"><\/div>\n\t\t\t\t\t\t\t\t\t\t\t\t\t\t\t<\/div>\n\t\t\t\t\t\t\t\t\t\t\t\t\t\n\t\t\t\t\t\t\t<div class=\"swiper-slide\">\n\t\t\t\t\t\t\t\t<img class=\"swiper-lazy\" data-src=\"https:\/\/bravery.berlin\/stage1\/wp-content\/uploads\/2025\/11\/card2.jpg\" alt=\"\"\/>\n\t\t\t\t\t\t\t\t<div class=\"swiper-lazy-preloader swiper-lazy-preloader-white\"><\/div>\n\t\t\t\t\t\t\t\t\t\t\t\t\t\t\t<\/div>\n\t\t\t\t\t\t\t\t\t\t\t\t\t\n\t\t\t\t\t\t\t<div class=\"swiper-slide\">\n\t\t\t\t\t\t\t\t<img class=\"swiper-lazy\" data-src=\"https:\/\/bravery.berlin\/stage1\/wp-content\/uploads\/2025\/09\/photo_2025-09-06-09.13.35.jpeg\" alt=\"\"\/>\n\t\t\t\t\t\t\t\t<div class=\"swiper-lazy-preloader swiper-lazy-preloader-white\"><\/div>\n\t\t\t\t\t\t\t\t\t\t\t\t\t\t\t<\/div>\n\t\t\t\t\t\t\t\t\t\t\t\t\t\n\t\t\t\t\t\t\t<div class=\"swiper-slide\">\n\t\t\t\t\t\t\t\t<img class=\"swiper-lazy\" data-src=\"https:\/\/bravery.berlin\/stage1\/wp-content\/uploads\/2025\/10\/WhatsApp-Image-2025-07-22-at-15.56.05.jpeg\" alt=\"\"\/>\n\t\t\t\t\t\t\t\t<div class=\"swiper-lazy-preloader swiper-lazy-preloader-white\"><\/div>\n\t\t\t\t\t\t\t\t\t\t\t\t\t\t\t<\/div>\n\t\t\t\t\t\t\t\t\t\t\t\t\t\n\t\t\t\t\t\t\t<div class=\"swiper-slide\">\n\t\t\t\t\t\t\t\t<img class=\"swiper-lazy\" data-src=\"https:\/\/bravery.berlin\/stage1\/wp-content\/uploads\/2025\/08\/IMG_4495.jpeg\" alt=\"\"\/>\n\t\t\t\t\t\t\t\t<div class=\"swiper-lazy-preloader swiper-lazy-preloader-white\"><\/div>\n\t\t\t\t\t\t\t\t\t\t\t\t\t\t\t<\/div>\n\t\t\t\t\t\t\t\t\t\t\t<\/div>\n\t\t\t\t\t<div class=\"swiper-button-next\"><\/div>\n\t\t\t\t\t<div class=\"swiper-button-prev\"><\/div>\n\t\t\t\t<\/div>\t\t\t\n\t\t\t\t\t\t\t\t\t\t\t\t\t\t\t\t\t\t\t\t\t\t\t\t\t\t\t\t\t\t\t\t<button class='spectra-image-gallery__control-lightbox--close' aria-label=\"Close\">\n\t\t\t\t\t\t\t\t\t\t\t\t\t<svg xmlns=\"https:\/\/www.w3.org\/2000\/svg\" viewBox= \"0 0 320 512\"><path d=\"M310.6 361.4c12.5 12.5 12.5 32.75 0 45.25C304.4 412.9 296.2 416 288 416s-16.38-3.125-22.62-9.375L160 301.3L54.63 406.6C48.38 412.9 40.19 416 32 416S15.63 412.9 9.375 406.6c-12.5-12.5-12.5-32.75 0-45.25l105.4-105.4L9.375 150.6c-12.5-12.5-12.5-32.75 0-45.25s32.75-12.5 45.25 0L160 210.8l105.4-105.4c12.5-12.5 32.75-12.5 45.25 0s12.5 32.75 0 45.25l-105.4 105.4L310.6 361.4z\"><\/path><\/svg>\n\t\t\t\t\t\t\t\t\t\t\t\t<\/button>\n\t\t\t\t\t\t\t\t\t\t\t\t\t<\/div>\n\t\t\t\t\t\t\t\t\t<\/div>\n","protected":false},"excerpt":{"rendered":"<p>Die Region Pokrowsk (ehemals Pokrovsk) im Oblast Donezk ist von den Kampfhandlungen schwer gezeichnet. Hier konzentriert Bravery e.V. seine Hilfe auf die lebensrettende medizinische und traumatologische Soforthilfe, um die lokalen Krankenh\u00e4user und die medizinische Versorgung nahe der Front zu st\u00e4rken. Unser Einsatz in Pokrowsk ist darauf ausgerichtet, die medizinische Infrastruktur zu entlasten und Ersthelfer sowie [&hellip;]<\/p>\n","protected":false},"author":2,"featured_media":0,"parent":22,"menu_order":0,"comment_status":"closed","ping_status":"closed","template":"wp-custom-template-project-page","meta":{"tpgb_global_settings":"","inline_featured_image":false,"_uag_custom_page_level_css":"","footnotes":""},"class_list":["post-1558","page","type-page","status-publish","hentry"],"tpgb_featured_images":null,"tpgb_post_meta_info":{"get_date":"December 11, 2025","get_modified_date":"December 15, 2025","author_name":"Christoph Knickerbocker","author_url":"https:\/\/bravery.berlin\/stage1\/author\/chris\/","author_email":"Info@chrisknickerbocker.de","author_website":"http:\/\/bravery.berlin","author_description":"","author_facebook":"","author_twitter":"","author_instagram":"","author_role":["administrator"],"author_firstname":"Christoph","author_lastname":"Knickerbocker","user_login":"Chris","author_avatar":"<img alt='' src='https:\/\/secure.gravatar.com\/avatar\/34b90d26ce3a578a1e4a133c867039e08ea053e317bfef6d5fcbc36ade073654?s=200&#038;d=mm&#038;r=g' srcset='https:\/\/secure.gravatar.com\/avatar\/34b90d26ce3a578a1e4a133c867039e08ea053e317bfef6d5fcbc36ade073654?s=400&#038;d=mm&#038;r=g 2x' class='avatar avatar-200 photo' height='200' width='200' loading='lazy' decoding='async'\/>","author_avatar_url":"https:\/\/secure.gravatar.com\/avatar\/34b90d26ce3a578a1e4a133c867039e08ea053e317bfef6d5fcbc36ade073654?s=96&d=mm&r=g","comment_count":0,"post_likes":0,"post_views":0},"tpgb_post_category":[],"uagb_featured_image_src":{"full":false,"thumbnail":false,"medium":false,"medium_large":false,"large":false,"1536x1536":false,"2048x2048":false,"tp-image-grid":false,"mailpoet_newsletter_max":false},"uagb_author_info":{"display_name":"Christoph Knickerbocker","author_link":"https:\/\/bravery.berlin\/stage1\/author\/chris\/"},"uagb_comment_info":0,"uagb_excerpt":"Die Region Pokrowsk (ehemals Pokrovsk) im Oblast Donezk ist von den Kampfhandlungen schwer gezeichnet. Hier konzentriert Bravery e.V. seine Hilfe auf die lebensrettende medizinische und traumatologische Soforthilfe, um die lokalen Krankenh\u00e4user und die medizinische Versorgung nahe der Front zu st\u00e4rken. Unser Einsatz in Pokrowsk ist darauf ausgerichtet, die medizinische Infrastruktur zu entlasten und Ersthelfer sowie&hellip;","_links":{"self":[{"href":"https:\/\/bravery.berlin\/stage1\/wp-json\/wp\/v2\/pages\/1558","targetHints":{"allow":["GET"]}}],"collection":[{"href":"https:\/\/bravery.berlin\/stage1\/wp-json\/wp\/v2\/pages"}],"about":[{"href":"https:\/\/bravery.berlin\/stage1\/wp-json\/wp\/v2\/types\/page"}],"author":[{"embeddable":true,"href":"https:\/\/bravery.berlin\/stage1\/wp-json\/wp\/v2\/users\/2"}],"replies":[{"embeddable":true,"href":"https:\/\/bravery.berlin\/stage1\/wp-json\/wp\/v2\/comments?post=1558"}],"version-history":[{"count":9,"href":"https:\/\/bravery.berlin\/stage1\/wp-json\/wp\/v2\/pages\/1558\/revisions"}],"predecessor-version":[{"id":1636,"href":"https:\/\/bravery.berlin\/stage1\/wp-json\/wp\/v2\/pages\/1558\/revisions\/1636"}],"up":[{"embeddable":true,"href":"https:\/\/bravery.berlin\/stage1\/wp-json\/wp\/v2\/pages\/22"}],"wp:attachment":[{"href":"https:\/\/bravery.berlin\/stage1\/wp-json\/wp\/v2\/media?parent=1558"}],"curies":[{"name":"wp","href":"https:\/\/api.w.org\/{rel}","templated":true}]}}