{"id":157,"date":"2025-01-29T11:32:28","date_gmt":"2025-01-29T11:32:28","guid":{"rendered":"https:\/\/bravery.berlin\/?page_id=157"},"modified":"2025-12-11T12:26:33","modified_gmt":"2025-12-11T12:26:33","slug":"reports","status":"publish","type":"page","link":"https:\/\/bravery.berlin\/stage1\/reports\/","title":{"rendered":"Reports"},"content":{"rendered":"\n<div class=\"wp-block-cover alignfull\" style=\"padding-top:0;padding-right:var(--wp--preset--spacing--30);padding-bottom:0;padding-left:var(--wp--preset--spacing--30);min-height:469px;aspect-ratio:unset;\"><img loading=\"lazy\" decoding=\"async\" width=\"1080\" height=\"720\" class=\"wp-block-cover__image-background wp-image-240\" alt=\"\" src=\"https:\/\/bravery.berlin\/stage1\/wp-content\/uploads\/2025\/02\/image.jpg\" data-object-fit=\"cover\" srcset=\"https:\/\/bravery.berlin\/stage1\/wp-content\/uploads\/2025\/02\/image.jpg 1080w, https:\/\/bravery.berlin\/stage1\/wp-content\/uploads\/2025\/02\/image-300x200.jpg 300w, https:\/\/bravery.berlin\/stage1\/wp-content\/uploads\/2025\/02\/image-1024x683.jpg 1024w, https:\/\/bravery.berlin\/stage1\/wp-content\/uploads\/2025\/02\/image-768x512.jpg 768w, https:\/\/bravery.berlin\/stage1\/wp-content\/uploads\/2025\/02\/image-600x400.jpg 600w\" sizes=\"auto, (max-width: 1080px) 100vw, 1080px\" \/><span aria-hidden=\"true\" class=\"wp-block-cover__background has-black-background-color has-background-dim-60 has-background-dim\"><\/span><div class=\"wp-block-cover__inner-container has-global-padding is-layout-constrained wp-container-core-cover-is-layout-17d11c15 wp-block-cover-is-layout-constrained\">\n<div class=\"wp-block-group has-global-padding is-layout-constrained wp-block-group-is-layout-constrained\" style=\"padding-top:185px;padding-bottom:var(--wp--preset--spacing--20)\">\n<div class=\"wp-block-columns alignwide is-layout-flex wp-container-core-columns-is-layout-947c9d80 wp-block-columns-is-layout-flex\">\n<div class=\"wp-block-column is-vertically-aligned-center is-layout-flow wp-block-column-is-layout-flow\">\n<h1 class=\"wp-block-heading has-text-color has-x-large-font-size\" style=\"color:#fffffffc\">Reports<\/h1>\n<\/div>\n\n\n\n<div class=\"wp-block-column is-vertically-aligned-top is-layout-flow wp-block-column-is-layout-flow\">\n<p class=\"has-text-color\" style=\"color:#fffffffc\">Ein wesentlicher Bestandteil unserer Arbeit ist die Dokumentation unserer T\u00e4tigkeiten sowie die Information unserer F\u00f6rdermitglieder und Spender:innen dar\u00fcber, wo ihre Unterst\u00fctzung Wirkung zeigt.<\/p>\n<\/div>\n<\/div>\n<\/div>\n<\/div><\/div>\n\n\n\n<div class=\"wp-block-group alignfull has-background-background-color has-background has-global-padding is-layout-constrained wp-container-core-group-is-layout-7276a2bb wp-block-group-is-layout-constrained\" style=\"margin-top:0;margin-bottom:0;padding-top:var(--wp--preset--spacing--60);padding-right:var(--wp--preset--spacing--30);padding-bottom:var(--wp--preset--spacing--60);padding-left:var(--wp--preset--spacing--30)\">\n<div class=\"wp-block-columns is-layout-flex wp-container-core-columns-is-layout-28f84493 wp-block-columns-is-layout-flex\">\n<div class=\"wp-block-column is-layout-flow wp-block-column-is-layout-flow\" style=\"flex-basis:50%\">\n<h4 class=\"wp-block-heading has-text-align-left wp-container-content-8848353a\" style=\"font-size:clamp(21.027px, 1.314rem + ((1vw - 3.2px) * 1.247), 34px);\">Unsere Arbeit.<\/h4>\n<\/div>\n\n\n\n<div class=\"wp-block-column is-layout-flow wp-block-column-is-layout-flow\" style=\"flex-basis:50%\">\n<p class=\"has-text-align-left wp-container-content-9cfa9a5a\" style=\"font-size:clamp(16.834px, 1.052rem + ((1vw - 3.2px) * 0.881), 26px);font-style:normal;font-weight:300\">Wir dokumentieren unsere Eins\u00e4tze in der Ukraine. Unsere Reports posten wir hier und direkt auf sozialen Netzwerken wie Instagram, Twitter oder Bluesky.<\/p>\n<\/div>\n<\/div>\n\n\n\n<div class=\"wp-block-group is-content-justification-space-between is-nowrap is-layout-flex wp-container-core-group-is-layout-cb46ffcb wp-block-group-is-layout-flex\">\n<div style=\"margin-top:0;margin-bottom:0;height:100px\" aria-hidden=\"true\" class=\"wp-block-spacer uag-hide-mob wp-container-content-5614e138\"><\/div>\n\n\n\n<div class=\"wp-block-group wp-container-content-9cfa9a5a is-layout-grid wp-container-core-group-is-layout-09953040 wp-block-group-is-layout-grid\">\n<figure class=\"wp-block-image size-large wp-container-content-a7057f16\"><img loading=\"lazy\" decoding=\"async\" width=\"512\" height=\"512\" src=\"https:\/\/bravery.berlin\/stage1\/wp-content\/uploads\/2025\/04\/generator-3.png\" alt=\"\" class=\"wp-image-444\" srcset=\"https:\/\/bravery.berlin\/stage1\/wp-content\/uploads\/2025\/04\/generator-3.png 512w, https:\/\/bravery.berlin\/stage1\/wp-content\/uploads\/2025\/04\/generator-3-300x300.png 300w, https:\/\/bravery.berlin\/stage1\/wp-content\/uploads\/2025\/04\/generator-3-150x150.png 150w, https:\/\/bravery.berlin\/stage1\/wp-content\/uploads\/2025\/04\/generator-3-100x100.png 100w\" sizes=\"auto, (max-width: 512px) 100vw, 512px\" \/><figcaption class=\"wp-element-caption\">Generatoren: 23<\/figcaption><\/figure>\n\n\n\n<figure class=\"wp-block-image size-large\"><img loading=\"lazy\" decoding=\"async\" width=\"512\" height=\"512\" src=\"https:\/\/bravery.berlin\/stage1\/wp-content\/uploads\/2025\/04\/first-aid.png\" alt=\"\" class=\"wp-image-448\" srcset=\"https:\/\/bravery.berlin\/stage1\/wp-content\/uploads\/2025\/04\/first-aid.png 512w, https:\/\/bravery.berlin\/stage1\/wp-content\/uploads\/2025\/04\/first-aid-300x300.png 300w, https:\/\/bravery.berlin\/stage1\/wp-content\/uploads\/2025\/04\/first-aid-150x150.png 150w, https:\/\/bravery.berlin\/stage1\/wp-content\/uploads\/2025\/04\/first-aid-100x100.png 100w\" sizes=\"auto, (max-width: 512px) 100vw, 512px\" \/><figcaption class=\"wp-element-caption\">IFAKS: 210<\/figcaption><\/figure>\n\n\n\n<figure class=\"wp-block-image size-full\"><img loading=\"lazy\" decoding=\"async\" width=\"512\" height=\"512\" src=\"https:\/\/bravery.berlin\/stage1\/wp-content\/uploads\/2025\/04\/tourniquet.png\" alt=\"\" class=\"wp-image-451\" srcset=\"https:\/\/bravery.berlin\/stage1\/wp-content\/uploads\/2025\/04\/tourniquet.png 512w, https:\/\/bravery.berlin\/stage1\/wp-content\/uploads\/2025\/04\/tourniquet-300x300.png 300w, https:\/\/bravery.berlin\/stage1\/wp-content\/uploads\/2025\/04\/tourniquet-150x150.png 150w, https:\/\/bravery.berlin\/stage1\/wp-content\/uploads\/2025\/04\/tourniquet-100x100.png 100w\" sizes=\"auto, (max-width: 512px) 100vw, 512px\" \/><figcaption class=\"wp-element-caption\">Tourniquets: 520<\/figcaption><\/figure>\n\n\n\n<figure class=\"wp-block-image size-full\"><img loading=\"lazy\" decoding=\"async\" width=\"512\" height=\"512\" src=\"https:\/\/bravery.berlin\/stage1\/wp-content\/uploads\/2025\/04\/armor.png\" alt=\"\" class=\"wp-image-449\" srcset=\"https:\/\/bravery.berlin\/stage1\/wp-content\/uploads\/2025\/04\/armor.png 512w, https:\/\/bravery.berlin\/stage1\/wp-content\/uploads\/2025\/04\/armor-300x300.png 300w, https:\/\/bravery.berlin\/stage1\/wp-content\/uploads\/2025\/04\/armor-150x150.png 150w, https:\/\/bravery.berlin\/stage1\/wp-content\/uploads\/2025\/04\/armor-100x100.png 100w\" sizes=\"auto, (max-width: 512px) 100vw, 512px\" \/><figcaption class=\"wp-element-caption\">Schusssichere Westen: 229<\/figcaption><\/figure>\n\n\n\n<figure class=\"wp-block-image size-large\"><img loading=\"lazy\" decoding=\"async\" width=\"512\" height=\"512\" src=\"https:\/\/bravery.berlin\/stage1\/wp-content\/uploads\/2025\/04\/combat-helmet-1.png\" alt=\"\" class=\"wp-image-447\" srcset=\"https:\/\/bravery.berlin\/stage1\/wp-content\/uploads\/2025\/04\/combat-helmet-1.png 512w, https:\/\/bravery.berlin\/stage1\/wp-content\/uploads\/2025\/04\/combat-helmet-1-300x300.png 300w, https:\/\/bravery.berlin\/stage1\/wp-content\/uploads\/2025\/04\/combat-helmet-1-150x150.png 150w, https:\/\/bravery.berlin\/stage1\/wp-content\/uploads\/2025\/04\/combat-helmet-1-100x100.png 100w\" sizes=\"auto, (max-width: 512px) 100vw, 512px\" \/><figcaption class=\"wp-element-caption\">Helme: 23<\/figcaption><\/figure>\n\n\n\n<figure class=\"wp-block-image size-large wp-container-content-a7057f16\"><img loading=\"lazy\" decoding=\"async\" width=\"512\" height=\"512\" src=\"https:\/\/bravery.berlin\/stage1\/wp-content\/uploads\/2025\/04\/suv-car-1.png\" alt=\"\" class=\"wp-image-446\" srcset=\"https:\/\/bravery.berlin\/stage1\/wp-content\/uploads\/2025\/04\/suv-car-1.png 512w, https:\/\/bravery.berlin\/stage1\/wp-content\/uploads\/2025\/04\/suv-car-1-300x300.png 300w, https:\/\/bravery.berlin\/stage1\/wp-content\/uploads\/2025\/04\/suv-car-1-150x150.png 150w, https:\/\/bravery.berlin\/stage1\/wp-content\/uploads\/2025\/04\/suv-car-1-100x100.png 100w\" sizes=\"auto, (max-width: 512px) 100vw, 512px\" \/><figcaption class=\"wp-element-caption\">Fahrzeuge: 10<\/figcaption><\/figure>\n\n\n\n<figure class=\"wp-block-image size-full\"><img loading=\"lazy\" decoding=\"async\" width=\"512\" height=\"512\" src=\"https:\/\/bravery.berlin\/stage1\/wp-content\/uploads\/2025\/04\/crutches.png\" alt=\"\" class=\"wp-image-454\" srcset=\"https:\/\/bravery.berlin\/stage1\/wp-content\/uploads\/2025\/04\/crutches.png 512w, https:\/\/bravery.berlin\/stage1\/wp-content\/uploads\/2025\/04\/crutches-300x300.png 300w, https:\/\/bravery.berlin\/stage1\/wp-content\/uploads\/2025\/04\/crutches-150x150.png 150w, https:\/\/bravery.berlin\/stage1\/wp-content\/uploads\/2025\/04\/crutches-100x100.png 100w\" sizes=\"auto, (max-width: 512px) 100vw, 512px\" \/><figcaption class=\"wp-element-caption\">Kr\u00fccken: 350<\/figcaption><\/figure>\n\n\n\n<figure class=\"wp-block-image size-full\"><img loading=\"lazy\" decoding=\"async\" width=\"512\" height=\"512\" src=\"https:\/\/bravery.berlin\/stage1\/wp-content\/uploads\/2025\/04\/walker.png\" alt=\"\" class=\"wp-image-455\" srcset=\"https:\/\/bravery.berlin\/stage1\/wp-content\/uploads\/2025\/04\/walker.png 512w, https:\/\/bravery.berlin\/stage1\/wp-content\/uploads\/2025\/04\/walker-300x300.png 300w, https:\/\/bravery.berlin\/stage1\/wp-content\/uploads\/2025\/04\/walker-150x150.png 150w, https:\/\/bravery.berlin\/stage1\/wp-content\/uploads\/2025\/04\/walker-100x100.png 100w\" sizes=\"auto, (max-width: 512px) 100vw, 512px\" \/><figcaption class=\"wp-element-caption\">Rollatoren: 79<\/figcaption><\/figure>\n\n\n\n<figure class=\"wp-block-image size-full\"><img loading=\"lazy\" decoding=\"async\" width=\"512\" height=\"512\" src=\"https:\/\/bravery.berlin\/stage1\/wp-content\/uploads\/2025\/04\/wheelchair.png\" alt=\"\" class=\"wp-image-456\" srcset=\"https:\/\/bravery.berlin\/stage1\/wp-content\/uploads\/2025\/04\/wheelchair.png 512w, https:\/\/bravery.berlin\/stage1\/wp-content\/uploads\/2025\/04\/wheelchair-300x300.png 300w, https:\/\/bravery.berlin\/stage1\/wp-content\/uploads\/2025\/04\/wheelchair-150x150.png 150w, https:\/\/bravery.berlin\/stage1\/wp-content\/uploads\/2025\/04\/wheelchair-100x100.png 100w\" sizes=\"auto, (max-width: 512px) 100vw, 512px\" \/><figcaption class=\"wp-element-caption\">Rollst\u00fchle: 37<\/figcaption><\/figure>\n\n\n\n<figure class=\"wp-block-image size-full\"><img loading=\"lazy\" decoding=\"async\" width=\"512\" height=\"512\" src=\"https:\/\/bravery.berlin\/stage1\/wp-content\/uploads\/2025\/04\/energy-drink.png\" alt=\"\" class=\"wp-image-459\" srcset=\"https:\/\/bravery.berlin\/stage1\/wp-content\/uploads\/2025\/04\/energy-drink.png 512w, https:\/\/bravery.berlin\/stage1\/wp-content\/uploads\/2025\/04\/energy-drink-300x300.png 300w, https:\/\/bravery.berlin\/stage1\/wp-content\/uploads\/2025\/04\/energy-drink-150x150.png 150w, https:\/\/bravery.berlin\/stage1\/wp-content\/uploads\/2025\/04\/energy-drink-100x100.png 100w\" sizes=\"auto, (max-width: 512px) 100vw, 512px\" \/><figcaption class=\"wp-element-caption\">Energy Drinks: 574<\/figcaption><\/figure>\n\n\n\n<figure class=\"wp-block-image size-full wp-container-content-a7057f16\"><img loading=\"lazy\" decoding=\"async\" width=\"512\" height=\"512\" src=\"https:\/\/bravery.berlin\/stage1\/wp-content\/uploads\/2025\/04\/humanitarian-aid.png\" alt=\"\" class=\"wp-image-533\" srcset=\"https:\/\/bravery.berlin\/stage1\/wp-content\/uploads\/2025\/04\/humanitarian-aid.png 512w, https:\/\/bravery.berlin\/stage1\/wp-content\/uploads\/2025\/04\/humanitarian-aid-300x300.png 300w, https:\/\/bravery.berlin\/stage1\/wp-content\/uploads\/2025\/04\/humanitarian-aid-150x150.png 150w, https:\/\/bravery.berlin\/stage1\/wp-content\/uploads\/2025\/04\/humanitarian-aid-100x100.png 100w\" sizes=\"auto, (max-width: 512px) 100vw, 512px\" \/><figcaption class=\"wp-element-caption\">Karton mit medizinischem Material: 105<\/figcaption><\/figure>\n\n\n\n<figure class=\"wp-block-image size-full\"><img loading=\"lazy\" decoding=\"async\" width=\"512\" height=\"512\" src=\"https:\/\/bravery.berlin\/stage1\/wp-content\/uploads\/2025\/04\/suv-car-1.png\" alt=\"\" class=\"wp-image-446\" srcset=\"https:\/\/bravery.berlin\/stage1\/wp-content\/uploads\/2025\/04\/suv-car-1.png 512w, https:\/\/bravery.berlin\/stage1\/wp-content\/uploads\/2025\/04\/suv-car-1-300x300.png 300w, https:\/\/bravery.berlin\/stage1\/wp-content\/uploads\/2025\/04\/suv-car-1-150x150.png 150w, https:\/\/bravery.berlin\/stage1\/wp-content\/uploads\/2025\/04\/suv-car-1-100x100.png 100w\" sizes=\"auto, (max-width: 512px) 100vw, 512px\" \/><figcaption class=\"wp-element-caption\">Gepanzerte Fahrzeuge: 2<\/figcaption><\/figure>\n<\/div>\n<\/div>\n\n\n\n<div class=\"wp-block-group has-global-padding is-layout-constrained wp-container-core-group-is-layout-92ef7b19 wp-block-group-is-layout-constrained\">\n<p><sub>Stand 03.10.2025<\/sub><\/p>\n\n\n\n<h6 class=\"wp-block-heading\">REports und Pressemitteilungen<\/h6>\n\n\n<ul class=\"wp-block-latest-posts__list wp-block-latest-posts\"><li><a class=\"wp-block-latest-posts__post-title\" href=\"https:\/\/bravery.berlin\/stage1\/ein-netz-fuer-das-leben-10-000-euro-fuer-lebensrettende-netze-gegen-drohnenangriffe\/\">Ein Netz f\u00fcr das Leben: 10.000 Euro f\u00fcr lebensrettende Netze gegen Drohnenangriffe<\/a><div class=\"wp-block-latest-posts__post-excerpt\">Bravery finanziert mit eurer Hilfe \u00fcber 120t Netze aus den Niederlanden. Die neue Gefahr: FPV- und Glasfaser-DrohnenIn diesem Krieg hat sich eine besonders perfide Waffe etabliert: die FPV-Drohne. FPV steht f\u00fcr &#8220;First Person View&#8221; \u2013 der Pilot steuert die Drohne in Echtzeit \u00fcber eine Videobrille, als w\u00fcrde er selbst im Cockpit sitzen. Das macht diese\u2026 <a class=\"wp-block-latest-posts__read-more\" href=\"https:\/\/bravery.berlin\/stage1\/ein-netz-fuer-das-leben-10-000-euro-fuer-lebensrettende-netze-gegen-drohnenangriffe\/\" rel=\"noopener noreferrer\">Read more<span class=\"screen-reader-text\">: Ein Netz f\u00fcr das Leben: 10.000 Euro f\u00fcr lebensrettende Netze gegen Drohnenangriffe<\/span><\/a><\/div><\/li>\n<li><a class=\"wp-block-latest-posts__post-title\" href=\"https:\/\/bravery.berlin\/stage1\/mac-zwischen-feuer-verlust-und-neuer-hoffnung\/\">Mac \u2013 Zwischen Feuer, Verlust und neuer Hoffnung<\/a><div class=\"wp-block-latest-posts__post-excerpt\">Ein Kanadier half in der Ukraine \u2013 und kam dabei fast ums Leben.Er kam im Alter von nur 19 Jahren aus Calgary, Kanada, um in der Ukraine zu helfen. Russland versuchte, den zivilen Helfer mit einer Drohne zu ermorden \u2013 doch er \u00fcberlebte und macht weiter. Dies ist die unglaubliche Geschichte unseres Freundes Mac.Von Kanada\u2026 <a class=\"wp-block-latest-posts__read-more\" href=\"https:\/\/bravery.berlin\/stage1\/mac-zwischen-feuer-verlust-und-neuer-hoffnung\/\" rel=\"noopener noreferrer\">Read more<span class=\"screen-reader-text\">: Mac \u2013 Zwischen Feuer, Verlust und neuer Hoffnung<\/span><\/a><\/div><\/li>\n<li><a class=\"wp-block-latest-posts__post-title\" href=\"https:\/\/bravery.berlin\/stage1\/uebergabe-1-gepanzerten-evac-vans-in-kherson\/\">\u00dcbergabe #1 gepanzerten Evac Vans in Kherson<\/a><div class=\"wp-block-latest-posts__post-excerpt\">Kherson liegt im S\u00fcden der Ukraine am Fluss Dnipro, nahe der M\u00fcndung ins Schwarze Meer. Die Stadt ist strategisch wichtig, da sie als bedeutender Hafen und Verkehrsknotenpunkt dient. Im Ukraine-Krieg ist Kherson von gro\u00dfer Bedeutung, weil die Kontrolle \u00fcber die Stadt Einfluss auf den Zugang zum Schwarzen Meer und die Versorgungslinien hat. Zudem stellt Kherson\u2026 <a class=\"wp-block-latest-posts__read-more\" href=\"https:\/\/bravery.berlin\/stage1\/uebergabe-1-gepanzerten-evac-vans-in-kherson\/\" rel=\"noopener noreferrer\">Read more<span class=\"screen-reader-text\">: \u00dcbergabe #1 gepanzerten Evac Vans in Kherson<\/span><\/a><\/div><\/li>\n<li><a class=\"wp-block-latest-posts__post-title\" href=\"https:\/\/bravery.berlin\/stage1\/im-april-nach-lwiw\/\">Im April nach Lwiw<\/a><div class=\"wp-block-latest-posts__post-excerpt\">Eine kurze Reise in den Westen der Ukraine, 70 Kilometer hinter der polnischen Grenze Wir waren mit dringend ben\u00f6tigten Hilfsg\u00fctern in Lwiw, die weitere Logistik haben wir dieses Mal ganz Nova Poshta anvertraut: 8 Rollatoren 50 Kr\u00fccken Tourniquets Ifaks First-aid-kits 2 Rollst\u00fchle zivile Schutzwesten uvm.<\/div><\/li>\n<li><a class=\"wp-block-latest-posts__post-title\" href=\"https:\/\/bravery.berlin\/stage1\/maerz-tour-nach-sumy\/\">M\u00e4rz Tour nach Sumy<\/a><div class=\"wp-block-latest-posts__post-excerpt\">Zusammenfassung der Tour im M\u00e4rz 2025 Unsere Tour f\u00fchrte uns im M\u00e4rz Richtung Sumy, unwissend wie schnell unsere Sachen bereits im Einsatz enden werden. Insgesamt geliefert wurde nach Sumy &amp; Kherson: 50 Zivile Schutzwesten ( AK-47 Schutz ) 110 Ifaks 300 Tourniquets 10 Ballistische Helme 60 Kr\u00fccken 12 Rollatoren 2 Rollst\u00fchle NIJ3+\/NIJ4 Platten 1000 Kilo\u2026 <a class=\"wp-block-latest-posts__read-more\" href=\"https:\/\/bravery.berlin\/stage1\/maerz-tour-nach-sumy\/\" rel=\"noopener noreferrer\">Read more<span class=\"screen-reader-text\">: M\u00e4rz Tour nach Sumy<\/span><\/a><\/div><\/li>\n<\/ul>\n\n\n<h6 class=\"wp-block-heading\">Archiv-Beitr\u00e4ge<\/h6>\n\n\n<ul class=\"wp-block-archives-list wp-block-archives\">\t<li><a href='https:\/\/bravery.berlin\/stage1\/2025\/10\/'>October 2025<\/a><\/li>\n\t<li><a href='https:\/\/bravery.berlin\/stage1\/2025\/09\/'>September 2025<\/a><\/li>\n\t<li><a href='https:\/\/bravery.berlin\/stage1\/2025\/06\/'>June 2025<\/a><\/li>\n\t<li><a href='https:\/\/bravery.berlin\/stage1\/2025\/05\/'>May 2025<\/a><\/li>\n\t<li><a href='https:\/\/bravery.berlin\/stage1\/2025\/04\/'>April 2025<\/a><\/li>\n<\/ul><\/div>\n<\/div>\n","protected":false},"excerpt":{"rendered":"<p>Unsere Arbeit. Wir dokumentieren unsere Eins\u00e4tze in der Ukraine. Unsere Reports posten wir hier und direkt auf sozialen Netzwerken wie Instagram, Twitter oder Bluesky. Stand 03.10.2025 REports und Pressemitteilungen Archiv-Beitr\u00e4ge<\/p>\n","protected":false},"author":1,"featured_media":0,"parent":0,"menu_order":0,"comment_status":"closed","ping_status":"closed","template":"wp-custom-template-basic","meta":{"tpgb_global_settings":"","inline_featured_image":false,"_uag_custom_page_level_css":"","footnotes":""},"class_list":["post-157","page","type-page","status-publish","hentry"],"tpgb_featured_images":null,"tpgb_post_meta_info":{"get_date":"January 29, 2025","get_modified_date":"December 11, 2025","author_name":"admin","author_url":"https:\/\/bravery.berlin\/stage1\/author\/admin\/","author_email":"zalitais@gmail.com","author_website":"https:\/\/bravery.berlin\/stage1","author_description":"","author_facebook":"","author_twitter":"","author_instagram":"","author_role":["administrator"],"author_firstname":"","author_lastname":"","user_login":"user25183012039900","author_avatar":"<img alt='' src='https:\/\/secure.gravatar.com\/avatar\/240b5f00703ac00172c463f6e2dff56995178fe1efc6063432e2c0950f089935?s=200&#038;d=mm&#038;r=g' srcset='https:\/\/secure.gravatar.com\/avatar\/240b5f00703ac00172c463f6e2dff56995178fe1efc6063432e2c0950f089935?s=400&#038;d=mm&#038;r=g 2x' class='avatar avatar-200 photo' height='200' width='200' loading='lazy' decoding='async'\/>","author_avatar_url":"https:\/\/secure.gravatar.com\/avatar\/240b5f00703ac00172c463f6e2dff56995178fe1efc6063432e2c0950f089935?s=96&d=mm&r=g","comment_count":0,"post_likes":0,"post_views":0},"tpgb_post_category":[],"uagb_featured_image_src":{"full":false,"thumbnail":false,"medium":false,"medium_large":false,"large":false,"1536x1536":false,"2048x2048":false,"tp-image-grid":false,"mailpoet_newsletter_max":false},"uagb_author_info":{"display_name":"admin","author_link":"https:\/\/bravery.berlin\/stage1\/author\/admin\/"},"uagb_comment_info":0,"uagb_excerpt":"Unsere Arbeit. Wir dokumentieren unsere Eins\u00e4tze in der Ukraine. Unsere Reports posten wir hier und direkt auf sozialen Netzwerken wie Instagram, Twitter oder Bluesky. Stand 03.10.2025 REports und Pressemitteilungen Archiv-Beitr\u00e4ge","_links":{"self":[{"href":"https:\/\/bravery.berlin\/stage1\/wp-json\/wp\/v2\/pages\/157","targetHints":{"allow":["GET"]}}],"collection":[{"href":"https:\/\/bravery.berlin\/stage1\/wp-json\/wp\/v2\/pages"}],"about":[{"href":"https:\/\/bravery.berlin\/stage1\/wp-json\/wp\/v2\/types\/page"}],"author":[{"embeddable":true,"href":"https:\/\/bravery.berlin\/stage1\/wp-json\/wp\/v2\/users\/1"}],"replies":[{"embeddable":true,"href":"https:\/\/bravery.berlin\/stage1\/wp-json\/wp\/v2\/comments?post=157"}],"version-history":[{"count":42,"href":"https:\/\/bravery.berlin\/stage1\/wp-json\/wp\/v2\/pages\/157\/revisions"}],"predecessor-version":[{"id":1534,"href":"https:\/\/bravery.berlin\/stage1\/wp-json\/wp\/v2\/pages\/157\/revisions\/1534"}],"wp:attachment":[{"href":"https:\/\/bravery.berlin\/stage1\/wp-json\/wp\/v2\/media?parent=157"}],"curies":[{"name":"wp","href":"https:\/\/api.w.org\/{rel}","templated":true}]}}