{"id":19,"date":"2025-01-27T20:37:04","date_gmt":"2025-01-27T20:37:04","guid":{"rendered":"https:\/\/bravery.berlin\/kontakt\/"},"modified":"2025-12-15T17:39:48","modified_gmt":"2025-12-15T17:39:48","slug":"kontakt","status":"publish","type":"page","link":"https:\/\/bravery.berlin\/stage1\/kontakt\/","title":{"rendered":"Kontakt"},"content":{"rendered":"\n<div class=\"wp-block-group alignfull has-background-background-color has-background has-global-padding is-layout-constrained wp-container-core-group-is-layout-864ebe9b wp-block-group-is-layout-constrained\" style=\"margin-top:0;margin-bottom:0;padding-top:0;padding-right:0;padding-bottom:0;padding-left:0\">\n<div class=\"wp-block-cover alignfull\" style=\"padding-top:0;padding-right:var(--wp--preset--spacing--30);padding-bottom:0;padding-left:var(--wp--preset--spacing--30);min-height:469px;aspect-ratio:unset;\"><img loading=\"lazy\" decoding=\"async\" width=\"1280\" height=\"853\" class=\"wp-block-cover__image-background wp-image-67\" alt=\"\" src=\"https:\/\/bravery.berlin\/stage1\/wp-content\/uploads\/2025\/01\/cfd16bdd3f141bcff6945f942959aed64fd89aa7.jpg\" data-object-fit=\"cover\" srcset=\"https:\/\/bravery.berlin\/stage1\/wp-content\/uploads\/2025\/01\/cfd16bdd3f141bcff6945f942959aed64fd89aa7.jpg 1280w, https:\/\/bravery.berlin\/stage1\/wp-content\/uploads\/2025\/01\/cfd16bdd3f141bcff6945f942959aed64fd89aa7-300x200.jpg 300w, https:\/\/bravery.berlin\/stage1\/wp-content\/uploads\/2025\/01\/cfd16bdd3f141bcff6945f942959aed64fd89aa7-1024x682.jpg 1024w, https:\/\/bravery.berlin\/stage1\/wp-content\/uploads\/2025\/01\/cfd16bdd3f141bcff6945f942959aed64fd89aa7-768x512.jpg 768w, https:\/\/bravery.berlin\/stage1\/wp-content\/uploads\/2025\/01\/cfd16bdd3f141bcff6945f942959aed64fd89aa7-600x400.jpg 600w\" sizes=\"auto, (max-width: 1280px) 100vw, 1280px\" \/><span aria-hidden=\"true\" class=\"wp-block-cover__background has-black-background-color has-background-dim-60 has-background-dim\"><\/span><div class=\"wp-block-cover__inner-container has-global-padding is-layout-constrained wp-container-core-cover-is-layout-17d11c15 wp-block-cover-is-layout-constrained\">\n<div class=\"wp-block-group alignwide has-global-padding is-content-justification-center is-layout-constrained wp-block-group-is-layout-constrained\" style=\"padding-top:185px;padding-bottom:0\">\n<div class=\"wp-block-group is-vertical is-layout-flex wp-container-core-group-is-layout-fe9cc265 wp-block-group-is-layout-flex\">\n<h1 class=\"wp-block-heading has-text-color has-x-large-font-size\" style=\"color:#fffffffc\">Kontakt<\/h1>\n\n\n\n<p class=\"has-text-color\" style=\"color:#fffffffc\">Bei R\u00fcckfragen oder Fragen zu Sachspenden, kontaktiere uns \u00fcber das Kontaktformular.<\/p>\n<\/div>\n<\/div>\n<\/div><\/div>\n<\/div>\n\n\n\n<div class=\"wp-block-group alignfull has-tertiary-background-color has-background has-global-padding is-layout-constrained wp-container-core-group-is-layout-7276a2bb wp-block-group-is-layout-constrained\" id=\"kontakt\" style=\"margin-top:0;margin-bottom:0;padding-top:var(--wp--preset--spacing--60);padding-right:var(--wp--preset--spacing--30);padding-bottom:var(--wp--preset--spacing--60);padding-left:var(--wp--preset--spacing--30)\">\n<div class=\"wp-block-group has-global-padding is-layout-constrained wp-block-group-is-layout-constrained\" style=\"margin-bottom:var(--wp--preset--spacing--40)\">\n<h2 class=\"wp-block-heading has-text-align-center has-large-font-size\">Hilfe, die Hoffnung schenkt<\/h2>\n\n\n\n<p class=\"has-text-align-center\" style=\"margin-top:1rem\">Kontaktier uns direkt.<\/p>\n<\/div>\n\n\n\n<div class=\"wp-block-contact-form-7-contact-form-selector\">\n<div class=\"wpcf7 no-js\" id=\"wpcf7-f18-o1\" lang=\"de-DE\" dir=\"ltr\" data-wpcf7-id=\"18\">\n<div class=\"screen-reader-response\"><p role=\"status\" aria-live=\"polite\" aria-atomic=\"true\"><\/p> <ul><\/ul><\/div>\n<form action=\"\/stage1\/wp-json\/wp\/v2\/pages\/19#wpcf7-f18-o1\" method=\"post\" class=\"wpcf7-form init\" aria-label=\"Kontaktformular\" novalidate=\"novalidate\" data-status=\"init\">\n<fieldset class=\"hidden-fields-container\"><input type=\"hidden\" name=\"_wpcf7\" value=\"18\" \/><input type=\"hidden\" name=\"_wpcf7_version\" value=\"6.1.4\" \/><input type=\"hidden\" name=\"_wpcf7_locale\" value=\"de_DE\" \/><input type=\"hidden\" name=\"_wpcf7_unit_tag\" value=\"wpcf7-f18-o1\" \/><input type=\"hidden\" name=\"_wpcf7_container_post\" value=\"0\" \/><input type=\"hidden\" name=\"_wpcf7_posted_data_hash\" value=\"\" \/>\n<\/fieldset>\n<p><label> Dein Name<br \/>\n<span class=\"wpcf7-form-control-wrap\" data-name=\"your-name\"><input size=\"40\" maxlength=\"400\" class=\"wpcf7-form-control wpcf7-text wpcf7-validates-as-required\" autocomplete=\"name\" aria-required=\"true\" aria-invalid=\"false\" value=\"\" type=\"text\" name=\"your-name\" \/><\/span> <\/label>\n<\/p>\n<p><label> Deine E-Mail-Adresse<br \/>\n<span class=\"wpcf7-form-control-wrap\" data-name=\"your-email\"><input size=\"40\" maxlength=\"400\" class=\"wpcf7-form-control wpcf7-email wpcf7-validates-as-required wpcf7-text wpcf7-validates-as-email\" autocomplete=\"email\" aria-required=\"true\" aria-invalid=\"false\" value=\"\" type=\"email\" name=\"your-email\" \/><\/span> <\/label>\n<\/p>\n<p><label> Betreff<br \/>\n<span class=\"wpcf7-form-control-wrap\" data-name=\"your-subject\"><input size=\"40\" maxlength=\"400\" class=\"wpcf7-form-control wpcf7-text wpcf7-validates-as-required\" aria-required=\"true\" aria-invalid=\"false\" value=\"\" type=\"text\" name=\"your-subject\" \/><\/span> <\/label>\n<\/p>\n<p><label> Deine Nachricht (optional)<br \/>\n<span class=\"wpcf7-form-control-wrap\" data-name=\"your-message\"><textarea cols=\"40\" rows=\"10\" maxlength=\"2000\" class=\"wpcf7-form-control wpcf7-textarea\" aria-invalid=\"false\" name=\"your-message\"><\/textarea><\/span> <\/label>\n<\/p>\n<p><input class=\"wpcf7-form-control wpcf7-submit has-spinner\" type=\"submit\" value=\"Senden\" \/>\n<\/p><div class=\"wpcf7-response-output\" aria-hidden=\"true\"><\/div>\n<\/form>\n<\/div>\n<\/div>\n<\/div>\n\n\n\n<div class=\"wp-block-group alignfull has-background-background-color has-background has-global-padding is-layout-constrained wp-container-core-group-is-layout-fb85e995 wp-block-group-is-layout-constrained\" style=\"margin-top:0;margin-bottom:0;padding-top:var(--wp--preset--spacing--60);padding-right:var(--wp--preset--spacing--30);padding-bottom:var(--wp--preset--spacing--60);padding-left:var(--wp--preset--spacing--30)\">\n<h2 class=\"wp-block-heading has-text-align-center has-large-font-size\">Unterst\u00fctzung f\u00fcr die Ukraine<\/h2>\n\n\n\n<p class=\"has-text-align-center\" style=\"margin-top:16px\">Ein wesentlicher Bestandteil unserer Arbeit ist die Dokumentation unserer T\u00e4tigkeiten sowie die Information unserer F\u00f6rdermitglieder und Spender:innen dar\u00fcber, wo ihre Unterst\u00fctzung Wirkung zeigt.<\/p>\n\n\n\n<div class=\"wp-block-buttons is-content-justification-center is-layout-flex wp-container-core-buttons-is-layout-720bcce9 wp-block-buttons-is-layout-flex\">\n<div class=\"wp-block-button\"><a class=\"wp-block-button__link wp-element-button\" href=\"https:\/\/bravery.berlin\/stage1\/reports\">Zu den Reports<\/a><\/div>\n<\/div>\n<\/div>\n","protected":false},"excerpt":{"rendered":"<p>Hilfe, die Hoffnung schenkt Kontaktier uns direkt. Unterst\u00fctzung f\u00fcr die Ukraine Ein wesentlicher Bestandteil unserer Arbeit ist die Dokumentation unserer T\u00e4tigkeiten sowie die Information unserer F\u00f6rdermitglieder und Spender:innen dar\u00fcber, wo ihre Unterst\u00fctzung Wirkung zeigt.<\/p>\n","protected":false},"author":1,"featured_media":0,"parent":0,"menu_order":0,"comment_status":"closed","ping_status":"closed","template":"wp-custom-template-basic","meta":{"tpgb_global_settings":"","inline_featured_image":false,"_uag_custom_page_level_css":"","footnotes":""},"class_list":["post-19","page","type-page","status-publish","hentry"],"tpgb_featured_images":null,"tpgb_post_meta_info":{"get_date":"January 27, 2025","get_modified_date":"December 15, 2025","author_name":"admin","author_url":"https:\/\/bravery.berlin\/stage1\/author\/admin\/","author_email":"zalitais@gmail.com","author_website":"https:\/\/bravery.berlin\/stage1","author_description":"","author_facebook":"","author_twitter":"","author_instagram":"","author_role":["administrator"],"author_firstname":"","author_lastname":"","user_login":"user25183012039900","author_avatar":"<img alt='' src='https:\/\/secure.gravatar.com\/avatar\/240b5f00703ac00172c463f6e2dff56995178fe1efc6063432e2c0950f089935?s=200&#038;d=mm&#038;r=g' srcset='https:\/\/secure.gravatar.com\/avatar\/240b5f00703ac00172c463f6e2dff56995178fe1efc6063432e2c0950f089935?s=400&#038;d=mm&#038;r=g 2x' class='avatar avatar-200 photo' height='200' width='200' loading='lazy' decoding='async'\/>","author_avatar_url":"https:\/\/secure.gravatar.com\/avatar\/240b5f00703ac00172c463f6e2dff56995178fe1efc6063432e2c0950f089935?s=96&d=mm&r=g","comment_count":0,"post_likes":0,"post_views":0},"tpgb_post_category":[],"uagb_featured_image_src":{"full":false,"thumbnail":false,"medium":false,"medium_large":false,"large":false,"1536x1536":false,"2048x2048":false,"tp-image-grid":false,"mailpoet_newsletter_max":false},"uagb_author_info":{"display_name":"admin","author_link":"https:\/\/bravery.berlin\/stage1\/author\/admin\/"},"uagb_comment_info":0,"uagb_excerpt":"Hilfe, die Hoffnung schenkt Kontaktier uns direkt. Unterst\u00fctzung f\u00fcr die Ukraine Ein wesentlicher Bestandteil unserer Arbeit ist die Dokumentation unserer T\u00e4tigkeiten sowie die Information unserer F\u00f6rdermitglieder und Spender:innen dar\u00fcber, wo ihre Unterst\u00fctzung Wirkung zeigt.","_links":{"self":[{"href":"https:\/\/bravery.berlin\/stage1\/wp-json\/wp\/v2\/pages\/19","targetHints":{"allow":["GET"]}}],"collection":[{"href":"https:\/\/bravery.berlin\/stage1\/wp-json\/wp\/v2\/pages"}],"about":[{"href":"https:\/\/bravery.berlin\/stage1\/wp-json\/wp\/v2\/types\/page"}],"author":[{"embeddable":true,"href":"https:\/\/bravery.berlin\/stage1\/wp-json\/wp\/v2\/users\/1"}],"replies":[{"embeddable":true,"href":"https:\/\/bravery.berlin\/stage1\/wp-json\/wp\/v2\/comments?post=19"}],"version-history":[{"count":8,"href":"https:\/\/bravery.berlin\/stage1\/wp-json\/wp\/v2\/pages\/19\/revisions"}],"predecessor-version":[{"id":1673,"href":"https:\/\/bravery.berlin\/stage1\/wp-json\/wp\/v2\/pages\/19\/revisions\/1673"}],"wp:attachment":[{"href":"https:\/\/bravery.berlin\/stage1\/wp-json\/wp\/v2\/media?parent=19"}],"curies":[{"name":"wp","href":"https:\/\/api.w.org\/{rel}","templated":true}]}}