{"id":2,"date":"2025-01-25T19:30:42","date_gmt":"2025-01-25T19:30:42","guid":{"rendered":"https:\/\/bravery.berlin\/?page_id=2"},"modified":"2025-12-15T17:33:15","modified_gmt":"2025-12-15T17:33:15","slug":"newsletter","status":"publish","type":"page","link":"https:\/\/bravery.berlin\/stage1\/newsletter\/","title":{"rendered":"Newsletter"},"content":{"rendered":"\n\n\n<div class=\"wp-block-group alignfull has-tertiary-background-color has-background has-global-padding is-layout-constrained wp-container-core-group-is-layout-7276a2bb wp-block-group-is-layout-constrained\" style=\"margin-top:0;margin-bottom:0;padding-top:var(--wp--preset--spacing--60);padding-right:var(--wp--preset--spacing--30);padding-bottom:var(--wp--preset--spacing--60);padding-left:var(--wp--preset--spacing--30)\">\n<div class=\"wp-block-group alignwide has-global-padding is-layout-constrained wp-block-group-is-layout-constrained\" style=\"padding-top:185px\">\n<h2 class=\"wp-block-heading has-text-align-center has-large-font-size\">Unsere Unterst\u00fctzung in der Ukraine<\/h2>\n\n\n\n<p class=\"has-text-align-center\" style=\"margin-top:24px;margin-bottom:24px\">Wir dokumentieren unsere Eins\u00e4tze vor Ort, um Transparenz zu gew\u00e4hrleisten und sicherzustellen, dass die Unterst\u00fctzung unserer F\u00f6rdermitglieder und Spender:innen dort ankommt, wo sie gebraucht wird. Informiere Dich mit unseren Berichten und unterst\u00fctze uns mit einer Spende oder einer F\u00f6rdermitgliedschaft.<\/p>\n\n\n\n<div class=\"wp-block-group is-content-justification-center is-layout-flex wp-container-core-group-is-layout-26a7e1fa wp-block-group-is-layout-flex\" style=\"margin-top:var(--wp--preset--spacing--20);margin-bottom:var(--wp--preset--spacing--20);padding-top:0;padding-right:0;padding-bottom:0;padding-left:0;line-height:1\"><div  class=\"tpgb-wrap-6654_2  \"  ><div class=\"tpgb-plus-button tpgb-relative-block tpgb-block-6654_2 button-style-1  custom-btn btn-with-icon \"><div class=\"animted-content-inner\"><a href=\"https:\/\/bravery.berlin\/stage1\/reports\"   class=\"button-link-wrap tpgb-trans-linear    \" role=\"button\" aria-label=\"Zu den Reports\" data-hover=\"Click Here\" ><span>Zu den Reports<\/span><\/a><\/div><\/div><\/div>\n\n<div class=\"tpgb-plus-button tpgb-relative-block tpgb-block-8664_2 button-style-1  btn-with-icon custom-btn \"><div class=\"animted-content-inner\"><a href=\"https:\/\/bravery.berlin\/stage1\/spenden\/\"   class=\"button-link-wrap tpgb-trans-linear    \" role=\"button\" aria-label=\"Jetzt Helfen\" data-hover=\"Click Here\" ><span><span class=\"btn-icon tpgb-trans-linear  button-before\"><i class=\"far fa-heart\"><\/i><\/span>Jetzt Helfen<\/span><\/a><\/div><\/div><\/div>\n<\/div>\n<\/div>\n","protected":false},"excerpt":{"rendered":"<p>Unsere Unterst\u00fctzung in der Ukraine Wir dokumentieren unsere Eins\u00e4tze vor Ort, um Transparenz zu gew\u00e4hrleisten und sicherzustellen, dass die Unterst\u00fctzung unserer F\u00f6rdermitglieder und Spender:innen dort ankommt, wo sie gebraucht wird. Informiere Dich mit unseren Berichten und unterst\u00fctze uns mit einer Spende oder einer F\u00f6rdermitgliedschaft.<\/p>\n","protected":false},"author":1,"featured_media":0,"parent":0,"menu_order":0,"comment_status":"closed","ping_status":"open","template":"wp-custom-template-basic","meta":{"tpgb_global_settings":"","inline_featured_image":false,"_uag_custom_page_level_css":"","footnotes":""},"class_list":["post-2","page","type-page","status-publish","hentry"],"tpgb_featured_images":null,"tpgb_post_meta_info":{"get_date":"January 25, 2025","get_modified_date":"December 15, 2025","author_name":"admin","author_url":"https:\/\/bravery.berlin\/stage1\/author\/admin\/","author_email":"zalitais@gmail.com","author_website":"https:\/\/bravery.berlin\/stage1","author_description":"","author_facebook":"","author_twitter":"","author_instagram":"","author_role":["administrator"],"author_firstname":"","author_lastname":"","user_login":"user25183012039900","author_avatar":"<img alt='' src='https:\/\/secure.gravatar.com\/avatar\/240b5f00703ac00172c463f6e2dff56995178fe1efc6063432e2c0950f089935?s=200&#038;d=mm&#038;r=g' srcset='https:\/\/secure.gravatar.com\/avatar\/240b5f00703ac00172c463f6e2dff56995178fe1efc6063432e2c0950f089935?s=400&#038;d=mm&#038;r=g 2x' class='avatar avatar-200 photo' height='200' width='200' loading='lazy' decoding='async'\/>","author_avatar_url":"https:\/\/secure.gravatar.com\/avatar\/240b5f00703ac00172c463f6e2dff56995178fe1efc6063432e2c0950f089935?s=96&d=mm&r=g","comment_count":0,"post_likes":0,"post_views":0},"tpgb_post_category":[],"uagb_featured_image_src":{"full":false,"thumbnail":false,"medium":false,"medium_large":false,"large":false,"1536x1536":false,"2048x2048":false,"tp-image-grid":false,"mailpoet_newsletter_max":false},"uagb_author_info":{"display_name":"admin","author_link":"https:\/\/bravery.berlin\/stage1\/author\/admin\/"},"uagb_comment_info":0,"uagb_excerpt":"Unsere Unterst\u00fctzung in der Ukraine Wir dokumentieren unsere Eins\u00e4tze vor Ort, um Transparenz zu gew\u00e4hrleisten und sicherzustellen, dass die Unterst\u00fctzung unserer F\u00f6rdermitglieder und Spender:innen dort ankommt, wo sie gebraucht wird. Informiere Dich mit unseren Berichten und unterst\u00fctze uns mit einer Spende oder einer F\u00f6rdermitgliedschaft.","_links":{"self":[{"href":"https:\/\/bravery.berlin\/stage1\/wp-json\/wp\/v2\/pages\/2","targetHints":{"allow":["GET"]}}],"collection":[{"href":"https:\/\/bravery.berlin\/stage1\/wp-json\/wp\/v2\/pages"}],"about":[{"href":"https:\/\/bravery.berlin\/stage1\/wp-json\/wp\/v2\/types\/page"}],"author":[{"embeddable":true,"href":"https:\/\/bravery.berlin\/stage1\/wp-json\/wp\/v2\/users\/1"}],"replies":[{"embeddable":true,"href":"https:\/\/bravery.berlin\/stage1\/wp-json\/wp\/v2\/comments?post=2"}],"version-history":[{"count":23,"href":"https:\/\/bravery.berlin\/stage1\/wp-json\/wp\/v2\/pages\/2\/revisions"}],"predecessor-version":[{"id":1669,"href":"https:\/\/bravery.berlin\/stage1\/wp-json\/wp\/v2\/pages\/2\/revisions\/1669"}],"wp:attachment":[{"href":"https:\/\/bravery.berlin\/stage1\/wp-json\/wp\/v2\/media?parent=2"}],"curies":[{"name":"wp","href":"https:\/\/api.w.org\/{rel}","templated":true}]}}