{"id":21,"date":"2025-01-27T20:37:06","date_gmt":"2025-01-27T20:37:06","guid":{"rendered":"https:\/\/bravery.berlin\/galerie\/"},"modified":"2025-12-18T16:44:10","modified_gmt":"2025-12-18T16:44:10","slug":"spenden","status":"publish","type":"page","link":"https:\/\/bravery.berlin\/stage1\/spenden\/","title":{"rendered":"Spenden"},"content":{"rendered":"\n<div class=\"wp-block-group alignfull has-background-background-color has-background has-global-padding is-layout-constrained wp-container-core-group-is-layout-864ebe9b wp-block-group-is-layout-constrained\" style=\"margin-top:0;margin-bottom:0;padding-top:0;padding-right:0;padding-bottom:0;padding-left:0\">\n<div class=\"wp-block-cover alignfull\" style=\"padding-top:0;padding-right:var(--wp--preset--spacing--30);padding-bottom:0;padding-left:var(--wp--preset--spacing--30);min-height:469px;aspect-ratio:unset;\"><img loading=\"lazy\" decoding=\"async\" width=\"1920\" height=\"2560\" class=\"wp-block-cover__image-background wp-image-524 size-full\" alt=\"\" src=\"https:\/\/bravery.berlin\/stage1\/wp-content\/uploads\/2025\/04\/IMG_7010-scaled.jpg\" data-object-fit=\"cover\" srcset=\"https:\/\/bravery.berlin\/stage1\/wp-content\/uploads\/2025\/04\/IMG_7010-scaled.jpg 1920w, https:\/\/bravery.berlin\/stage1\/wp-content\/uploads\/2025\/04\/IMG_7010-225x300.jpg 225w, https:\/\/bravery.berlin\/stage1\/wp-content\/uploads\/2025\/04\/IMG_7010-768x1024.jpg 768w, https:\/\/bravery.berlin\/stage1\/wp-content\/uploads\/2025\/04\/IMG_7010-1152x1536.jpg 1152w, https:\/\/bravery.berlin\/stage1\/wp-content\/uploads\/2025\/04\/IMG_7010-1536x2048.jpg 1536w, https:\/\/bravery.berlin\/stage1\/wp-content\/uploads\/2025\/04\/IMG_7010-1320x1760.jpg 1320w, https:\/\/bravery.berlin\/stage1\/wp-content\/uploads\/2025\/04\/IMG_7010-600x800.jpg 600w\" sizes=\"auto, (max-width: 1920px) 100vw, 1920px\" \/><span aria-hidden=\"true\" class=\"wp-block-cover__background has-black-background-color has-background-dim-60 has-background-dim\"><\/span><div class=\"wp-block-cover__inner-container has-global-padding is-layout-constrained wp-container-core-cover-is-layout-17d11c15 wp-block-cover-is-layout-constrained\">\n<div class=\"wp-block-group alignwide has-global-padding is-content-justification-left is-layout-constrained wp-container-core-group-is-layout-b276f704 wp-block-group-is-layout-constrained\" style=\"padding-top:185px;padding-bottom:0\">\n<div class=\"wp-block-columns alignwide are-vertically-aligned-center is-layout-flex wp-container-core-columns-is-layout-947c9d80 wp-block-columns-is-layout-flex\">\n<div class=\"wp-block-column is-vertically-aligned-center is-layout-flow wp-block-column-is-layout-flow\">\n<h1 class=\"wp-block-heading has-text-color has-x-large-font-size\" style=\"color:#fffffffc\">Mitmachen &amp; Unterst\u00fctzen<\/h1>\n<\/div>\n\n\n\n<div class=\"wp-block-column is-vertically-aligned-center is-layout-flow wp-block-column-is-layout-flow\">\n<p class=\"has-text-color\" style=\"color:#fffffffc\">Jeder kann uns unterst\u00fctzen. Durch dauerhafte oder einmalige Unterst\u00fctzung.<\/p>\n<\/div>\n<\/div>\n<\/div>\n<\/div><\/div>\n<\/div>\n\n\n\n<div class=\"wp-block-group alignfull has-tertiary-background-color has-background has-global-padding is-layout-constrained wp-container-core-group-is-layout-7276a2bb wp-block-group-is-layout-constrained\" id=\"galerie\" style=\"margin-top:0;margin-bottom:0;padding-top:var(--wp--preset--spacing--60);padding-right:var(--wp--preset--spacing--30);padding-bottom:var(--wp--preset--spacing--60);padding-left:var(--wp--preset--spacing--30)\">\n<div class=\"wp-block-group alignwide has-global-padding is-content-justification-left is-layout-constrained wp-container-core-group-is-layout-8b4c372c wp-block-group-is-layout-constrained\">\n<h2 class=\"wp-block-heading has-custom-light-primary-color has-text-color has-link-color has-large-font-size wp-elements-e5e54d196dd527e411600d1ba5dfb3a5\">Unterst\u00fctzung die wirkt<\/h2>\n\n\n\n<p class=\"has-custom-light-primary-color has-text-color has-link-color wp-elements-3574122276f244df7afe67e110b92088\" style=\"margin-top:16px\">Wir freuen uns \u00fcber jede Form der Unterst\u00fctzung! Ob eine einmalig oder regelm\u00e4\u00dfig \u2013 jede Hilfe z\u00e4hlt und kommt direkt den Menschen in der Ukraine zugute. Gemeinsam k\u00f6nnen wir einen Unterschied machen!<\/p>\n\n\n\n<h6 class=\"wp-block-heading has-custom-light-primary-color has-text-color has-link-color wp-elements-55f76a57d246dfdfcde5fdb2e12ffb17\"><strong>Unser Konto:<\/strong><\/h6>\n\n\n\n<p class=\"has-custom-light-primary-color has-text-color has-link-color wp-elements-3e8fcf162ab0f692ce8c4a187fc7cb07\"><strong>Bravery e. V. <\/strong>&nbsp;<br><strong>IBAN<\/strong>:&nbsp;DE77 8306 5408 0005 4917 70 <br><strong>BIC<\/strong>:&nbsp;GENODEF1SLR<\/p>\n\n\n\n<h6 class=\"wp-block-heading has-custom-light-primary-color has-text-color has-link-color wp-elements-c6ff8a5df1a159a714a21567b24634b8\">F\u00f6rdermitglied werden oder Einmalspenden<\/h6>\n\n\n\n<script type=\"text\/javascript\" src=\"https:\/\/secure.fundraisingbox.com\/app\/paymentJS?hash=0f9cp3p54k5zegfy\"><\/script><noscript>Bitte Javascript aktivieren<\/noscript><a target=\"_blank\" href=\"https:\/\/www.fundraisingbox.com\/?utm_source=donation_form\"><img decoding=\"async\" border=\"0\" style=\"border: 0 !important\" src=\"https:\/\/secure.fundraisingbox.com\/images\/FundraisingBox-Logo-Widget.png\" alt=\"FundraisingBox Logo\" \/><\/a>\n\n\n\n<h6 class=\"wp-block-heading has-custom-light-primary-color has-text-color has-link-color wp-elements-88e66f4fb87cf264f4b80977f50cacba\">Sachspenden bedarf:<\/h6>\n\n\n\n<ul class=\"wp-block-list has-custom-light-primary-color has-text-color has-link-color wp-elements-bdb54584a54577c7e143fb5a36c61165\">\n<li>Kleidung f\u00fcr Jugendliche, insbesondere Schuhe<\/li>\n\n\n\n<li>Hygieneartikel aller Art<\/li>\n\n\n\n<li>Medizinische Artikel und Verbandsmaterial<\/li>\n\n\n\n<li>Kr\u00fccken<\/li>\n\n\n\n<li>Rollst\u00fchle<\/li>\n\n\n\n<li>Laptops und Tablets<\/li>\n\n\n\n<li>Bildschirme ab 55 Zoll<\/li>\n\n\n\n<li>GoPros oder vergleichbare Ger\u00e4te<\/li>\n\n\n\n<li>EcoFlows<\/li>\n\n\n\n<li>Generatoren<\/li>\n<\/ul>\n\n\n\n<p class=\"has-custom-light-primary-color has-text-color has-link-color wp-elements-9f4746a8e45c79167919170cbe3e6b4c\">Kontaktieren Sie uns gerne direkt \u00fcber unser <a title=\"Kontaktformular\" href=\"\/kontakt\">Kontaktformular<\/a>.<\/p>\n\n\n\n<p><\/p>\n<\/div>\n<\/div>\n\n\n\n<div class=\"wp-block-group alignfull has-background-background-color has-background has-global-padding is-layout-constrained wp-container-core-group-is-layout-fb85e995 wp-block-group-is-layout-constrained\" id=\"ueber-uns\" style=\"margin-top:0;margin-bottom:0;padding-top:var(--wp--preset--spacing--60);padding-right:var(--wp--preset--spacing--30);padding-bottom:var(--wp--preset--spacing--60);padding-left:var(--wp--preset--spacing--30)\">\n<h2 class=\"wp-block-heading has-text-align-center has-large-font-size\">Zusammen f\u00fcr eine bessere Zukunft<\/h2>\n\n\n\n<p class=\"has-text-align-center\" style=\"margin-top:16px\">Unser Verein unterst\u00fctzt die Ukraine direkt vor Ort, unkompliziert und schnell um so den Menschen in Not zu helfen.<\/p>\n\n\n\n<figure class=\"wp-block-gallery alignwide has-nested-images columns-default is-cropped wp-block-gallery-1 is-layout-flex wp-block-gallery-is-layout-flex\">\n<figure class=\"wp-block-image size-large\"><img loading=\"lazy\" decoding=\"async\" width=\"1024\" height=\"683\" data-id=\"514\" src=\"https:\/\/bravery.berlin\/stage1\/wp-content\/uploads\/2025\/04\/DSC01071-1024x683.jpg\" alt=\"\" class=\"wp-image-514\" style=\"aspect-ratio:3\/4;object-fit:cover\" srcset=\"https:\/\/bravery.berlin\/stage1\/wp-content\/uploads\/2025\/04\/DSC01071-1024x683.jpg 1024w, https:\/\/bravery.berlin\/stage1\/wp-content\/uploads\/2025\/04\/DSC01071-300x200.jpg 300w, https:\/\/bravery.berlin\/stage1\/wp-content\/uploads\/2025\/04\/DSC01071-768x512.jpg 768w, https:\/\/bravery.berlin\/stage1\/wp-content\/uploads\/2025\/04\/DSC01071-1536x1024.jpg 1536w, https:\/\/bravery.berlin\/stage1\/wp-content\/uploads\/2025\/04\/DSC01071-2048x1365.jpg 2048w, https:\/\/bravery.berlin\/stage1\/wp-content\/uploads\/2025\/04\/DSC01071-1320x880.jpg 1320w, https:\/\/bravery.berlin\/stage1\/wp-content\/uploads\/2025\/04\/DSC01071-600x400.jpg 600w\" sizes=\"auto, (max-width: 1024px) 100vw, 1024px\" \/><\/figure>\n\n\n\n<figure class=\"wp-block-image size-large\"><img loading=\"lazy\" decoding=\"async\" width=\"768\" height=\"1024\" data-id=\"516\" src=\"https:\/\/bravery.berlin\/stage1\/wp-content\/uploads\/2025\/04\/IMG_5035-768x1024.jpg\" alt=\"\" class=\"wp-image-516\" style=\"aspect-ratio:3\/4;object-fit:cover\" srcset=\"https:\/\/bravery.berlin\/stage1\/wp-content\/uploads\/2025\/04\/IMG_5035-768x1024.jpg 768w, https:\/\/bravery.berlin\/stage1\/wp-content\/uploads\/2025\/04\/IMG_5035-225x300.jpg 225w, https:\/\/bravery.berlin\/stage1\/wp-content\/uploads\/2025\/04\/IMG_5035-1152x1536.jpg 1152w, https:\/\/bravery.berlin\/stage1\/wp-content\/uploads\/2025\/04\/IMG_5035-1536x2048.jpg 1536w, https:\/\/bravery.berlin\/stage1\/wp-content\/uploads\/2025\/04\/IMG_5035-1320x1760.jpg 1320w, https:\/\/bravery.berlin\/stage1\/wp-content\/uploads\/2025\/04\/IMG_5035-600x800.jpg 600w, https:\/\/bravery.berlin\/stage1\/wp-content\/uploads\/2025\/04\/IMG_5035-scaled.jpg 1920w\" sizes=\"auto, (max-width: 768px) 100vw, 768px\" \/><\/figure>\n\n\n\n<figure class=\"wp-block-image size-large\"><img loading=\"lazy\" decoding=\"async\" width=\"768\" height=\"1024\" data-id=\"517\" src=\"https:\/\/bravery.berlin\/stage1\/wp-content\/uploads\/2025\/04\/WhatsApp-Image-2025-04-25-at-18.35.12-768x1024.jpeg\" alt=\"\" class=\"wp-image-517\" style=\"aspect-ratio:3\/4;object-fit:cover\" srcset=\"https:\/\/bravery.berlin\/stage1\/wp-content\/uploads\/2025\/04\/WhatsApp-Image-2025-04-25-at-18.35.12-768x1024.jpeg 768w, https:\/\/bravery.berlin\/stage1\/wp-content\/uploads\/2025\/04\/WhatsApp-Image-2025-04-25-at-18.35.12-225x300.jpeg 225w, https:\/\/bravery.berlin\/stage1\/wp-content\/uploads\/2025\/04\/WhatsApp-Image-2025-04-25-at-18.35.12-1152x1536.jpeg 1152w, https:\/\/bravery.berlin\/stage1\/wp-content\/uploads\/2025\/04\/WhatsApp-Image-2025-04-25-at-18.35.12-1320x1760.jpeg 1320w, https:\/\/bravery.berlin\/stage1\/wp-content\/uploads\/2025\/04\/WhatsApp-Image-2025-04-25-at-18.35.12-600x800.jpeg 600w, https:\/\/bravery.berlin\/stage1\/wp-content\/uploads\/2025\/04\/WhatsApp-Image-2025-04-25-at-18.35.12.jpeg 1536w\" sizes=\"auto, (max-width: 768px) 100vw, 768px\" \/><\/figure>\n<\/figure>\n<\/div>\n\n\n\n<p><\/p>\n","protected":false},"excerpt":{"rendered":"<p>Unterst\u00fctzung die wirkt Wir freuen uns \u00fcber jede Form der Unterst\u00fctzung! Ob eine einmalig oder regelm\u00e4\u00dfig \u2013 jede Hilfe z\u00e4hlt und kommt direkt den Menschen in der Ukraine zugute. Gemeinsam k\u00f6nnen wir einen Unterschied machen! Unser Konto: Bravery e. V. &nbsp;IBAN:&nbsp;DE77 8306 5408 0005 4917 70 BIC:&nbsp;GENODEF1SLR F\u00f6rdermitglied werden oder Einmalspenden Bitte Javascript aktivieren Sachspenden [&hellip;]<\/p>\n","protected":false},"author":1,"featured_media":0,"parent":0,"menu_order":0,"comment_status":"closed","ping_status":"closed","template":"wp-custom-template-basic","meta":{"tpgb_global_settings":"","inline_featured_image":false,"_uag_custom_page_level_css":"","footnotes":""},"class_list":["post-21","page","type-page","status-publish","hentry"],"tpgb_featured_images":null,"tpgb_post_meta_info":{"get_date":"January 27, 2025","get_modified_date":"December 18, 2025","author_name":"admin","author_url":"https:\/\/bravery.berlin\/stage1\/author\/admin\/","author_email":"zalitais@gmail.com","author_website":"https:\/\/bravery.berlin\/stage1","author_description":"","author_facebook":"","author_twitter":"","author_instagram":"","author_role":["administrator"],"author_firstname":"","author_lastname":"","user_login":"user25183012039900","author_avatar":"<img alt='' src='https:\/\/secure.gravatar.com\/avatar\/240b5f00703ac00172c463f6e2dff56995178fe1efc6063432e2c0950f089935?s=200&#038;d=mm&#038;r=g' srcset='https:\/\/secure.gravatar.com\/avatar\/240b5f00703ac00172c463f6e2dff56995178fe1efc6063432e2c0950f089935?s=400&#038;d=mm&#038;r=g 2x' class='avatar avatar-200 photo' height='200' width='200' loading='lazy' decoding='async'\/>","author_avatar_url":"https:\/\/secure.gravatar.com\/avatar\/240b5f00703ac00172c463f6e2dff56995178fe1efc6063432e2c0950f089935?s=96&d=mm&r=g","comment_count":0,"post_likes":0,"post_views":0},"tpgb_post_category":[],"uagb_featured_image_src":{"full":false,"thumbnail":false,"medium":false,"medium_large":false,"large":false,"1536x1536":false,"2048x2048":false,"tp-image-grid":false,"mailpoet_newsletter_max":false},"uagb_author_info":{"display_name":"admin","author_link":"https:\/\/bravery.berlin\/stage1\/author\/admin\/"},"uagb_comment_info":0,"uagb_excerpt":"Unterst\u00fctzung die wirkt Wir freuen uns \u00fcber jede Form der Unterst\u00fctzung! Ob eine einmalig oder regelm\u00e4\u00dfig \u2013 jede Hilfe z\u00e4hlt und kommt direkt den Menschen in der Ukraine zugute. Gemeinsam k\u00f6nnen wir einen Unterschied machen! Unser Konto: Bravery e. V. &nbsp;IBAN:&nbsp;DE77 8306 5408 0005 4917 70 BIC:&nbsp;GENODEF1SLR F\u00f6rdermitglied werden oder Einmalspenden Bitte Javascript aktivieren Sachspenden&hellip;","_links":{"self":[{"href":"https:\/\/bravery.berlin\/stage1\/wp-json\/wp\/v2\/pages\/21","targetHints":{"allow":["GET"]}}],"collection":[{"href":"https:\/\/bravery.berlin\/stage1\/wp-json\/wp\/v2\/pages"}],"about":[{"href":"https:\/\/bravery.berlin\/stage1\/wp-json\/wp\/v2\/types\/page"}],"author":[{"embeddable":true,"href":"https:\/\/bravery.berlin\/stage1\/wp-json\/wp\/v2\/users\/1"}],"replies":[{"embeddable":true,"href":"https:\/\/bravery.berlin\/stage1\/wp-json\/wp\/v2\/comments?post=21"}],"version-history":[{"count":49,"href":"https:\/\/bravery.berlin\/stage1\/wp-json\/wp\/v2\/pages\/21\/revisions"}],"predecessor-version":[{"id":1681,"href":"https:\/\/bravery.berlin\/stage1\/wp-json\/wp\/v2\/pages\/21\/revisions\/1681"}],"wp:attachment":[{"href":"https:\/\/bravery.berlin\/stage1\/wp-json\/wp\/v2\/media?parent=21"}],"curies":[{"name":"wp","href":"https:\/\/api.w.org\/{rel}","templated":true}]}}