{"id":667,"date":"2025-09-12T08:17:02","date_gmt":"2025-09-12T08:17:02","guid":{"rendered":"https:\/\/bravery.berlin\/?page_id=667"},"modified":"2025-10-23T19:39:51","modified_gmt":"2025-10-23T19:39:51","slug":"foerdermitgliedschaft","status":"publish","type":"page","link":"https:\/\/bravery.berlin\/stage1\/foerdermitgliedschaft\/","title":{"rendered":"F\u00f6rdermitgliedschaft"},"content":{"rendered":"\n<div class=\"wp-block-group alignfull has-background-background-color has-background has-global-padding is-layout-constrained wp-container-core-group-is-layout-7276a2bb wp-block-group-is-layout-constrained\" style=\"margin-top:0;margin-bottom:0;padding-top:var(--wp--preset--spacing--60);padding-right:var(--wp--preset--spacing--30);padding-bottom:var(--wp--preset--spacing--60);padding-left:var(--wp--preset--spacing--30)\">\n<div class=\"wp-block-columns alignwide are-vertically-aligned-center is-layout-flex wp-container-core-columns-is-layout-47c06fe3 wp-block-columns-is-layout-flex\">\n<div class=\"wp-block-column is-vertically-aligned-center is-layout-flow wp-block-column-is-layout-flow\" style=\"flex-basis:33.3%\">\n<h2 class=\"wp-block-heading has-large-font-size\">Werden Sie F\u00f6rdermitglied bei Bravery e. V. und helfen Sie direkt.<\/h2>\n\n\n\n<p style=\"margin-top:16px\">Wir von Bravery e.V. sind abh\u00e4ngig von den Menschen die uns unterst\u00fctzen. Mit einer F\u00f6rdermitgliedschaft hilfst du uns unsere monatlichen Kosten zu decken und zu wachsen.<\/p>\n<\/div>\n\n\n\n<div class=\"wp-block-column is-vertically-aligned-center is-layout-flow wp-container-core-column-is-layout-f5bb311e wp-block-column-is-layout-flow\" style=\"flex-basis:50%\">\n<figure class=\"wp-block-gallery has-nested-images columns-default is-cropped wp-block-gallery-1 is-layout-flex wp-block-gallery-is-layout-flex\">\n<figure class=\"wp-block-image size-large\"><img loading=\"lazy\" decoding=\"async\" width=\"1024\" height=\"768\" data-id=\"640\" src=\"https:\/\/bravery.berlin\/stage1\/wp-content\/uploads\/2025\/08\/IMG_4495-1-1024x768.jpeg\" alt=\"\" class=\"wp-image-640\" style=\"aspect-ratio:3\/4;object-fit:cover\" srcset=\"https:\/\/bravery.berlin\/stage1\/wp-content\/uploads\/2025\/08\/IMG_4495-1-1024x768.jpeg 1024w, https:\/\/bravery.berlin\/stage1\/wp-content\/uploads\/2025\/08\/IMG_4495-1-300x225.jpeg 300w, https:\/\/bravery.berlin\/stage1\/wp-content\/uploads\/2025\/08\/IMG_4495-1-768x576.jpeg 768w, https:\/\/bravery.berlin\/stage1\/wp-content\/uploads\/2025\/08\/IMG_4495-1-600x450.jpeg 600w, https:\/\/bravery.berlin\/stage1\/wp-content\/uploads\/2025\/08\/IMG_4495-1.jpeg 1200w\" sizes=\"auto, (max-width: 1024px) 100vw, 1024px\" \/><\/figure>\n\n\n\n<figure class=\"wp-block-image size-large\"><img loading=\"lazy\" decoding=\"async\" width=\"768\" height=\"1024\" data-id=\"668\" src=\"https:\/\/bravery.berlin\/stage1\/wp-content\/uploads\/2025\/09\/WhatsApp-Image-2025-08-20-at-05.04.31-768x1024.jpeg\" alt=\"\" class=\"wp-image-668\" style=\"aspect-ratio:3\/4;object-fit:cover\" srcset=\"https:\/\/bravery.berlin\/stage1\/wp-content\/uploads\/2025\/09\/WhatsApp-Image-2025-08-20-at-05.04.31-768x1024.jpeg 768w, https:\/\/bravery.berlin\/stage1\/wp-content\/uploads\/2025\/09\/WhatsApp-Image-2025-08-20-at-05.04.31-225x300.jpeg 225w, https:\/\/bravery.berlin\/stage1\/wp-content\/uploads\/2025\/09\/WhatsApp-Image-2025-08-20-at-05.04.31-600x800.jpeg 600w, https:\/\/bravery.berlin\/stage1\/wp-content\/uploads\/2025\/09\/WhatsApp-Image-2025-08-20-at-05.04.31.jpeg 960w\" sizes=\"auto, (max-width: 768px) 100vw, 768px\" \/><\/figure>\n<\/figure>\n<\/div>\n<\/div>\n<\/div>\n\n\n\n<div class=\"wp-block-group alignfull has-tertiary-background-color has-background has-global-padding is-layout-constrained wp-container-core-group-is-layout-fb85e995 wp-block-group-is-layout-constrained\" style=\"margin-top:0;margin-bottom:0;padding-top:var(--wp--preset--spacing--60);padding-right:var(--wp--preset--spacing--30);padding-bottom:var(--wp--preset--spacing--60);padding-left:var(--wp--preset--spacing--30)\">\n<h2 class=\"wp-block-heading\">F\u00f6rdern Sie Hoffnung &amp; schaffen Sie wirkungsvolle Ver\u00e4nderungen.<\/h2>\n\n\n\n<script type=\"text\/javascript\" src=\"https:\/\/secure.fundraisingbox.com\/app\/paymentJS?hash=2hq5begwci0qo1bd\"><\/script><noscript>Bitte Javascript aktivieren<\/noscript><a target=\"_blank\" href=\"https:\/\/www.fundraisingbox.com\/?utm_source=donation_form\"><img decoding=\"async\" border=\"0\" style=\"border: 0 !important\" src=\"https:\/\/secure.fundraisingbox.com\/images\/FundraisingBox-Logo-Widget.png\" alt=\"FundraisingBox Logo\" \/><\/a>\n<\/div>\n\n\n\n<p><\/p>\n","protected":false},"excerpt":{"rendered":"<p>Werden Sie F\u00f6rdermitglied bei Bravery e. V. und helfen Sie direkt. Wir von Bravery e.V. sind abh\u00e4ngig von den Menschen die uns unterst\u00fctzen. Mit einer F\u00f6rdermitgliedschaft hilfst du uns unsere monatlichen Kosten zu decken und zu wachsen. F\u00f6rdern Sie Hoffnung &amp; schaffen Sie wirkungsvolle Ver\u00e4nderungen. Bitte Javascript aktivieren<\/p>\n","protected":false},"author":2,"featured_media":0,"parent":0,"menu_order":0,"comment_status":"closed","ping_status":"closed","template":"page-with-title","meta":{"tpgb_global_settings":"","inline_featured_image":false,"_uag_custom_page_level_css":"","footnotes":""},"class_list":["post-667","page","type-page","status-publish","hentry"],"tpgb_featured_images":null,"tpgb_post_meta_info":{"get_date":"September 12, 2025","get_modified_date":"October 23, 2025","author_name":"Christoph Knickerbocker","author_url":"https:\/\/bravery.berlin\/stage1\/author\/chris\/","author_email":"Info@chrisknickerbocker.de","author_website":"http:\/\/bravery.berlin","author_description":"","author_facebook":"","author_twitter":"","author_instagram":"","author_role":["administrator"],"author_firstname":"Christoph","author_lastname":"Knickerbocker","user_login":"Chris","author_avatar":"<img alt='' src='https:\/\/secure.gravatar.com\/avatar\/34b90d26ce3a578a1e4a133c867039e08ea053e317bfef6d5fcbc36ade073654?s=200&#038;d=mm&#038;r=g' srcset='https:\/\/secure.gravatar.com\/avatar\/34b90d26ce3a578a1e4a133c867039e08ea053e317bfef6d5fcbc36ade073654?s=400&#038;d=mm&#038;r=g 2x' class='avatar avatar-200 photo' height='200' width='200' loading='lazy' decoding='async'\/>","author_avatar_url":"https:\/\/secure.gravatar.com\/avatar\/34b90d26ce3a578a1e4a133c867039e08ea053e317bfef6d5fcbc36ade073654?s=96&d=mm&r=g","comment_count":0,"post_likes":0,"post_views":0},"tpgb_post_category":[],"uagb_featured_image_src":{"full":false,"thumbnail":false,"medium":false,"medium_large":false,"large":false,"1536x1536":false,"2048x2048":false,"tp-image-grid":false,"mailpoet_newsletter_max":false},"uagb_author_info":{"display_name":"Christoph Knickerbocker","author_link":"https:\/\/bravery.berlin\/stage1\/author\/chris\/"},"uagb_comment_info":0,"uagb_excerpt":"Werden Sie F\u00f6rdermitglied bei Bravery e. V. und helfen Sie direkt. Wir von Bravery e.V. sind abh\u00e4ngig von den Menschen die uns unterst\u00fctzen. Mit einer F\u00f6rdermitgliedschaft hilfst du uns unsere monatlichen Kosten zu decken und zu wachsen. F\u00f6rdern Sie Hoffnung &amp; schaffen Sie wirkungsvolle Ver\u00e4nderungen. Bitte Javascript aktivieren","_links":{"self":[{"href":"https:\/\/bravery.berlin\/stage1\/wp-json\/wp\/v2\/pages\/667","targetHints":{"allow":["GET"]}}],"collection":[{"href":"https:\/\/bravery.berlin\/stage1\/wp-json\/wp\/v2\/pages"}],"about":[{"href":"https:\/\/bravery.berlin\/stage1\/wp-json\/wp\/v2\/types\/page"}],"author":[{"embeddable":true,"href":"https:\/\/bravery.berlin\/stage1\/wp-json\/wp\/v2\/users\/2"}],"replies":[{"embeddable":true,"href":"https:\/\/bravery.berlin\/stage1\/wp-json\/wp\/v2\/comments?post=667"}],"version-history":[{"count":3,"href":"https:\/\/bravery.berlin\/stage1\/wp-json\/wp\/v2\/pages\/667\/revisions"}],"predecessor-version":[{"id":833,"href":"https:\/\/bravery.berlin\/stage1\/wp-json\/wp\/v2\/pages\/667\/revisions\/833"}],"wp:attachment":[{"href":"https:\/\/bravery.berlin\/stage1\/wp-json\/wp\/v2\/media?parent=667"}],"curies":[{"name":"wp","href":"https:\/\/api.w.org\/{rel}","templated":true}]}}